{"id":96,"date":"2019-04-01T08:50:18","date_gmt":"2019-04-01T08:50:18","guid":{"rendered":"http:\/\/avantage.bold-themes.com\/marketing\/?page_id=96"},"modified":"2026-03-25T00:04:07","modified_gmt":"2026-03-24T21:04:07","slug":"kalite-politikamiz","status":"publish","type":"page","link":"https:\/\/artibilgisayar.net\/dngtest\/kalite-politikamiz\/","title":{"rendered":"Kalite Politikam\u0131z"},"content":{"rendered":"<section id=\"bt_bb_section6a01cbac79a82\" class=\"bt_bb_section bt_bb_layout_boxed_1200 bt_bb_vertical_align_top bt_bb_top_spacing_large\"  data-bt-override-class=\"null\"><div class=\"bt_bb_port\"><div class=\"bt_bb_cell\"><div class=\"bt_bb_cell_inner\"><div class=\"bt_bb_row \"  data-bt-override-class=\"{}\"><div class=\"bt_bb_row_holder\" ><div  class=\"bt_bb_column col-xxl-12 col-xl-12 col-xs-12 col-sm-12 col-md-12 col-lg-12 bt_bb_vertical_align_bottom bt_bb_align_left bt_bb_padding_normal bt_bb_animation_fade_in animate\" style=\"; --column-width:12;\" data-width=\"12\" data-bt-override-class=\"{}\"><div class=\"bt_bb_column_content\"><div class=\"bt_bb_column_content_inner\"><div data-bb-version=\"5.5.7\" class=\"bt_bb_separator bt_bb_border_style_none bt_bb_top_spacing_medium bt_bb_bottom_spacing_small\" data-bt-override-class=\"{&quot;bt_bb_top_spacing_&quot;:{&quot;current_class&quot;:&quot;bt_bb_top_spacing_medium&quot;,&quot;def&quot;:&quot;medium&quot;},&quot;bt_bb_bottom_spacing_&quot;:{&quot;current_class&quot;:&quot;bt_bb_bottom_spacing_small&quot;,&quot;def&quot;:&quot;small&quot;}}\"><\/div><header data-bb-version=\"5.7.0\" class=\"bt_bb_headline bt_bb_dash_top bt_bb_superheadline bt_bb_superheadline_outside bt_bb_size_large bt_bb_align_inherit\" data-bt-override-class=\"{&quot;bt_bb_size_&quot;:{&quot;current_class&quot;:&quot;bt_bb_size_large&quot;,&quot;def&quot;:&quot;large&quot;},&quot;bt_bb_align_&quot;:{&quot;current_class&quot;:&quot;bt_bb_align_inherit&quot;,&quot;def&quot;:&quot;inherit&quot;},&quot;bt_bb_animation_&quot;:{&quot;current_class&quot;:&quot;bt_bb_animation_no_animation&quot;,&quot;def&quot;:&quot;no_animation&quot;}}\"><div class=\"bt_bb_headline_superheadline_outside\"><span class=\"bt_bb_headline_superheadline\">KURUMSAL<\/span><\/div><h2 class=\"bt_bb_headline_tag\"><span class=\"bt_bb_headline_content\"><span><b>Kalite<\/b><u> Politikam\u0131z<\/u><\/span><\/span><\/h2><\/header><div data-bb-version=\"5.7.0\" class=\"bt_bb_separator bt_bb_border_style_none bt_bb_top_spacing_none bt_bb_bottom_spacing_small\" style=\"; border-width: 2px; border-color: transparent; border-style: solid;\" data-bt-override-class=\"{&quot;bt_bb_top_spacing_&quot;:{&quot;current_class&quot;:&quot;bt_bb_top_spacing_none&quot;,&quot;def&quot;:&quot;none&quot;},&quot;bt_bb_bottom_spacing_&quot;:{&quot;current_class&quot;:&quot;bt_bb_bottom_spacing_small&quot;,&quot;def&quot;:&quot;small&quot;}}\"><\/div><div data-bb-version=\"5.7.0\"  class=\"bt_bb_text\" ><\/p>\n<div style=\"font-size: 14pt;\">\n<div>\u00a0 \u00a0 \u00a0Deney faaliyetlerimizi m\u00fckemmel mesleki uygulamalar ve kalite hedeflerine uygun olarak, m\u00fcmk\u00fcn olan en k\u0131sa s\u00fcrede, ekonomik, tarafs\u0131z, ba\u011f\u0131ms\u0131z , d\u00fcr\u00fcstl\u00fck, gizlilik ve g\u00fcvenilirlik ilkelerini esas alarak s\u00fcrd\u00fcrmeyi,<\/div>\n<div>\u00a0 \u00a0 \u00a0Faaliyet alan\u0131m\u0131zda uzman personelimiz, ulusal ve uluslararas\u0131 SI birimlerine g\u00f6re izlenebilirli\u011fi sa\u011flanm\u0131\u015f cihazlar, m\u00fc\u015fteri, yasal mevzuat, standart, method ve kurulu\u015f \u015fartlar\u0131n\u0131 beklentilerin \u00fcst\u00fcnde kar\u015f\u0131layarak m\u00fc\u015fteri memnuniyetini sa\u011flamay\u0131,<\/div>\n<div>\u00a0 \u00a0 \u00a0Deney faaliyetlerimizi y\u00fcr\u00fcten t\u00fcm personelin, politika ve prosed\u00fcrlere\u00a0 uygun olarak \u00e7al\u0131\u015fmalar\u0131n\u0131 sa\u011flamay\u0131,<\/div>\n<div>\u00a0 \u00a0 \u00a0\u00c7evreye kar\u015f\u0131 sorumluluklar\u0131n\u0131n bilincinde \u00e7al\u0131\u015farak teknoloji ve kalite a\u00e7\u0131s\u0131ndan sekt\u00f6rde lider bir kurulu\u015f olmay\u0131,\u00a0 kazanm\u0131\u015f oldu\u011fu sayg\u0131nl\u0131\u011f\u0131 s\u00fcrd\u00fcrerek ulusal ve uluslararas\u0131 d\u00fczeyde \u00fclkemizi deney alan\u0131nda temsil edebilmeyi,<\/div>\n<div>\u00a0 \u00a0 \u00a0\u00c7al\u0131\u015fanlar\u0131n\u0131n kat\u0131l\u0131m\u0131n\u0131 sa\u011flayarak, ger\u00e7ek verilere dayal\u0131 karar mekanizmas\u0131n\u0131 \u00e7al\u0131\u015ft\u0131rarak, kendini s\u00fcrekli geli\u015ftirmek ve m\u00fc\u015fterilerinin vazge\u00e7ilmezi olmay\u0131 taahh\u00fct eder.<\/div>\n<div>\u00a0 \u00a0 \u00a0Laboratuar\u0131m\u0131zda TS EN ISO\/IEC\u00a0 17025 standard\u0131na uygun olarak ulusal veya uluslararas\u0131 yasalar gere\u011fi talep edilen \u00e7evresel \u00f6l\u00e7\u00fcmler, i\u015f\u00e7i sa\u011fl\u0131\u011f\u0131 ve i\u015f g\u00fcvenli\u011fi kapsam\u0131nda ki\u015fisel ve ortam \u00f6l\u00e7\u00fcmlerini tarafs\u0131z, g\u00fcvenilir ve bilimsel bir \u015fekilde yap\u0131l\u0131r.<\/div>\n<div>\u00a0 \u00a0 \u00a0Personellerimizin geli\u015fmesi i\u00e7in d\u00fczenlenecek e\u011fitim ve seminerlere kat\u0131lmas\u0131 sa\u011flanarak, konusunda uzmanla\u015fmas\u0131 ve laboratuvar hizmet kalitesinin s\u00fcrekli olarak geli\u015ftirilmesi planlanmaktad\u0131r.<\/div>\n<div>\u00a0 \u00a0 \u00a0TS EN ISO\/IEC 17025 standard\u0131 kapsam\u0131nda faaliyet g\u00f6steren di\u011fer laboratuvarlar ile kar\u015f\u0131la\u015ft\u0131rmal\u0131 \u00f6l\u00e7\u00fcmler yap\u0131larak hizmet g\u00fcvenilirli\u011fi s\u00fcrekli kontrol alt\u0131nda tutulacakt\u0131r.<\/div>\n<div>\u00a0 \u00a0 \u00a0Alan\u0131nda uzman personelimiz ile belirlenen hedefler \u00e7er\u00e7evesinde yasal ve etik kurallar i\u00e7erisinde rekabeti temel ilke kabul etmeyi ve rekabet hukukuna riayet etmeyi taahh\u00fct eder.<\/div>\n<div>\u00a0 \u00a0 \u00a0Muayene Kurulu\u015fumuz TS EN ISO\/IEC 17020 standard\u0131na uygun olarak ulusal veya uluslararas\u0131 yasalar gere\u011fi talep edilen ekipman muayeneleri tarafs\u0131z, g\u00fcvenilir ve bilimsel bir \u015fekilde yap\u0131l\u0131r.<\/div>\n<\/div>\n<p>\n<\/div><div class=\"bt_bb_separator bt_bb_border_style_none bt_bb_bottom_spacing_medium\" data-bt-override-class=\"null\"><\/div><\/div><\/div><\/div><\/div><\/div><\/div><!-- cell_inner --><\/div><!-- cell --><\/div><!-- port --><\/section>\n","protected":false},"excerpt":{"rendered":"<p>Collaboratively administrate empowered markets via plug-and-play networks. Dynamically procrastinate B2C users after installed base benefits. Dramatically visualize customer directed convergence without revolutionary ROI.<\/p>\n","protected":false},"author":2,"featured_media":1540,"parent":0,"menu_order":0,"comment_status":"closed","ping_status":"closed","template":"","meta":{"footnotes":""},"class_list":["post-96","page","type-page","status-publish","has-post-thumbnail","hentry"],"_links":{"self":[{"href":"https:\/\/artibilgisayar.net\/dngtest\/wp-json\/wp\/v2\/pages\/96","targetHints":{"allow":["GET"]}}],"collection":[{"href":"https:\/\/artibilgisayar.net\/dngtest\/wp-json\/wp\/v2\/pages"}],"about":[{"href":"https:\/\/artibilgisayar.net\/dngtest\/wp-json\/wp\/v2\/types\/page"}],"author":[{"embeddable":true,"href":"https:\/\/artibilgisayar.net\/dngtest\/wp-json\/wp\/v2\/users\/2"}],"replies":[{"embeddable":true,"href":"https:\/\/artibilgisayar.net\/dngtest\/wp-json\/wp\/v2\/comments?post=96"}],"version-history":[{"count":37,"href":"https:\/\/artibilgisayar.net\/dngtest\/wp-json\/wp\/v2\/pages\/96\/revisions"}],"predecessor-version":[{"id":3037,"href":"https:\/\/artibilgisayar.net\/dngtest\/wp-json\/wp\/v2\/pages\/96\/revisions\/3037"}],"wp:featuredmedia":[{"embeddable":true,"href":"https:\/\/artibilgisayar.net\/dngtest\/wp-json\/wp\/v2\/media\/1540"}],"wp:attachment":[{"href":"https:\/\/artibilgisayar.net\/dngtest\/wp-json\/wp\/v2\/media?parent=96"}],"curies":[{"name":"wp","href":"https:\/\/api.w.org\/{rel}","templated":true}]}}