{"id":2851,"date":"2026-03-17T11:10:36","date_gmt":"2026-03-17T08:10:36","guid":{"rendered":"https:\/\/artibilgisayar.net\/dngtest\/?page_id=2851"},"modified":"2026-03-18T23:26:26","modified_gmt":"2026-03-18T20:26:26","slug":"tarafsizlik","status":"publish","type":"page","link":"https:\/\/artibilgisayar.net\/dngtest\/tarafsizlik\/","title":{"rendered":"Tarafs\u0131zl\u0131k Politikas\u0131"},"content":{"rendered":"<section data-bb-version=\"5.6.9\" id=\"bt_bb_section6a01dadb75bad\" class=\"bt_bb_section bt_bb_layout_boxed_1200 bt_bb_vertical_align_top bt_bb_top_spacing_extra_large bt_bb_bottom_spacing_none bt_bb_section_show_right_boxed_content\" style=\"background-position:center bottom;background-size:cover;\" data-bt-override-class=\"{&quot;bt_bb_top_spacing_&quot;:{&quot;current_class&quot;:&quot;bt_bb_top_spacing_extra_large&quot;,&quot;def&quot;:&quot;extra_large&quot;},&quot;bt_bb_bottom_spacing_&quot;:{&quot;current_class&quot;:&quot;bt_bb_bottom_spacing_none&quot;,&quot;def&quot;:&quot;none&quot;},&quot;bt_bb_animation_&quot;:{&quot;current_class&quot;:&quot;bt_bb_animation_no_animation&quot;,&quot;def&quot;:&quot;no_animation&quot;}}\"><div class=\"bt_bb_background_image_holder_wrapper\"><div class=\"bt_bb_background_image_holder btLazyLoadBackground\"  data-background_image_src=\"https:\/\/artibilgisayar.net\/dngtest\/wp-content\/uploads\/2019\/04\/bgn-passion.jpg\" data-parallax-zoom-start=\"1\" data-parallax-zoom-end=\"1\" data-parallax-blur-start=\"0\" data-parallax-blur-end=\"0\" data-parallax-opacity-start=\"1\" data-parallax-opacity-end=\"1\" style=\" background-image: url(&#039;https:\/\/artibilgisayar.net\/dngtest\/wp-content\/plugins\/bold-page-builder\/img\/blank.gif&#039;);\"><\/div><\/div><div class=\"bt_bb_port\"><div class=\"bt_bb_cell\"><div class=\"bt_bb_cell_inner\"><div class=\"bt_bb_row \"  data-bt-override-class=\"{}\"><div class=\"bt_bb_row_holder\" ><div data-bb-version=\"5.6.9\"  class=\"bt_bb_column col-xxl-6 col-xl-6 col-xs-12 col-sm-6 col-md-6 col-lg-6 bt_bb_vertical_align_top bt_bb_align_right bt_bb_padding_normal bt_bb_animation_fade_in zoom_out animate\" style=\"; --column-width:6;\" data-width=\"6\" data-bt-override-class=\"{&quot;bt_bb_vertical_align_&quot;:{&quot;current_class&quot;:&quot;bt_bb_vertical_align_top&quot;,&quot;def&quot;:&quot;top&quot;},&quot;bt_bb_align_&quot;:{&quot;current_class&quot;:&quot;bt_bb_align_right&quot;,&quot;def&quot;:&quot;right&quot;},&quot;bt_bb_padding_&quot;:{&quot;current_class&quot;:&quot;bt_bb_padding_normal&quot;,&quot;def&quot;:&quot;normal&quot;},&quot;bt_bb_animation_&quot;:{&quot;current_class&quot;:&quot;bt_bb_animation_fade_in zoom_out animate&quot;,&quot;def&quot;:&quot;fade_in zoom_out animate&quot;}}\"><div class=\"bt_bb_column_content\"><div class=\"bt_bb_column_content_inner\"><div data-bb-version=\"5.6.9\" class=\"bt_bb_image bt_bb_shape_soft-rounded bt_bb_target_self bt_bb_align_inherit bt_bb_hover_style_simple bt_bb_content_display_always bt_bb_content_align_top bt_bb_top_negative_margin_none bt_bb_bottom_negative_margin_none bt_bb_right_negative_margin_none bt_bb_left_negative_margin_none bt_bb_fill_background_color_full\" style=\"height:450px; overflow: hidden;\" data-bt-override-class=\"{&quot;bt_bb_align_&quot;:{&quot;current_class&quot;:&quot;bt_bb_align_inherit&quot;,&quot;def&quot;:&quot;inherit&quot;},&quot;bt_bb_content_display_&quot;:{&quot;current_class&quot;:&quot;bt_bb_content_display_always&quot;,&quot;def&quot;:&quot;always&quot;},&quot;bt_bb_top_negative_margin_&quot;:{&quot;current_class&quot;:&quot;bt_bb_top_negative_margin_none&quot;,&quot;def&quot;:&quot;none&quot;},&quot;bt_bb_bottom_negative_margin_&quot;:{&quot;current_class&quot;:&quot;bt_bb_bottom_negative_margin_none&quot;,&quot;def&quot;:&quot;none&quot;},&quot;bt_bb_right_negative_margin_&quot;:{&quot;current_class&quot;:&quot;bt_bb_right_negative_margin_none&quot;,&quot;def&quot;:&quot;none&quot;},&quot;bt_bb_left_negative_margin_&quot;:{&quot;current_class&quot;:&quot;bt_bb_left_negative_margin_none&quot;,&quot;def&quot;:&quot;none&quot;},&quot;bt_bb_animation_&quot;:{&quot;current_class&quot;:&quot;bt_bb_animation_no_animation&quot;,&quot;def&quot;:&quot;no_animation&quot;}}\"><span><img loading=\"lazy\" decoding=\"async\" width=\"640\" height=\"480\" src=\"https:\/\/artibilgisayar.net\/dngtest\/wp-content\/uploads\/2026\/03\/tarafsizlik-politikasi-640x480.webp\" class=\"attachment-boldthemes_medium_rectangle size-boldthemes_medium_rectangle\" alt=\"https:\/\/artibilgisayar.net\/dngtest\/wp-content\/uploads\/2026\/03\/tarafsizlik-politikasi-640x480.webp\" data-full_image_src=\"https:\/\/artibilgisayar.net\/dngtest\/wp-content\/uploads\/2026\/03\/tarafsizlik-politikasi.webp\" title=\"tarafsizlik-politikasi\" srcset=\"https:\/\/artibilgisayar.net\/dngtest\/wp-content\/uploads\/2026\/03\/tarafsizlik-politikasi-640x480.webp 640w, https:\/\/artibilgisayar.net\/dngtest\/wp-content\/uploads\/2026\/03\/tarafsizlik-politikasi-320x240.webp 320w\" sizes=\"auto, (max-width: 640px) 100vw, 640px\" \/><\/span><\/div><div data-bb-version=\"5.5.7\" class=\"bt_bb_separator bt_bb_border_style_none bt_bb_top_spacing_normal bt_bb_bottom_spacing_normal\" data-bt-override-class=\"{&quot;bt_bb_top_spacing_&quot;:{&quot;current_class&quot;:&quot;bt_bb_top_spacing_normal&quot;,&quot;def&quot;:&quot;normal&quot;},&quot;bt_bb_bottom_spacing_&quot;:{&quot;current_class&quot;:&quot;bt_bb_bottom_spacing_normal&quot;,&quot;def&quot;:&quot;normal&quot;}}\"><\/div><\/div><\/div><\/div><div data-bb-version=\"5.5.7\"  class=\"bt_bb_column col-xxl-6 col-xl-6 col-xs-12 col-sm-6 col-md-6 col-lg-6 bt_bb_vertical_align_middle bt_bb_align_left bt_bb_padding_normal bt_bb_animation_fade_in animate\" style=\"; --column-width:6;\" data-width=\"6\" data-bt-override-class=\"{&quot;bt_bb_vertical_align_&quot;:{&quot;current_class&quot;:&quot;bt_bb_vertical_align_middle&quot;,&quot;def&quot;:&quot;middle&quot;},&quot;bt_bb_align_&quot;:{&quot;current_class&quot;:&quot;bt_bb_align_left&quot;,&quot;def&quot;:&quot;left&quot;},&quot;bt_bb_padding_&quot;:{&quot;current_class&quot;:&quot;bt_bb_padding_normal&quot;,&quot;def&quot;:&quot;normal&quot;},&quot;bt_bb_animation_&quot;:{&quot;current_class&quot;:&quot;bt_bb_animation_fade_in animate&quot;,&quot;def&quot;:&quot;fade_in animate&quot;}}\"><div class=\"bt_bb_column_content\"><div class=\"bt_bb_column_content_inner\"><header data-bb-version=\"5.5.7\" class=\"bt_bb_headline bt_bb_dash_top bt_bb_superheadline bt_bb_superheadline_outside bt_bb_size_large bt_bb_align_inherit\" data-bt-override-class=\"{&quot;bt_bb_size_&quot;:{&quot;current_class&quot;:&quot;bt_bb_size_large&quot;,&quot;def&quot;:&quot;large&quot;},&quot;bt_bb_align_&quot;:{&quot;current_class&quot;:&quot;bt_bb_align_inherit&quot;,&quot;def&quot;:&quot;inherit&quot;},&quot;bt_bb_animation_&quot;:{&quot;current_class&quot;:&quot;bt_bb_animation_no_animation&quot;,&quot;def&quot;:&quot;no_animation&quot;}}\"><div class=\"bt_bb_headline_superheadline_outside\"><span class=\"bt_bb_headline_superheadline\">KURUMSAL<\/span><\/div><h2 class=\"bt_bb_headline_tag\"><span class=\"bt_bb_headline_content\"><span><b>Tarafs\u0131zl\u0131k <\/b><u>Politikas\u0131<\/u><\/span><\/span><\/h2><\/header><div data-bb-version=\"5.5.7\" class=\"bt_bb_separator bt_bb_border_style_none bt_bb_top_spacing_none bt_bb_bottom_spacing_normal\" data-bt-override-class=\"{&quot;bt_bb_top_spacing_&quot;:{&quot;current_class&quot;:&quot;bt_bb_top_spacing_none&quot;,&quot;def&quot;:&quot;none&quot;},&quot;bt_bb_bottom_spacing_&quot;:{&quot;current_class&quot;:&quot;bt_bb_bottom_spacing_normal&quot;,&quot;def&quot;:&quot;normal&quot;}}\"><\/div><div data-bb-version=\"5.5.7\" class=\"bt_bb_icon bt_bb_style_borderless bt_bb_size_large bt_bb_shape_circle bt_bb_align_inherit\" data-bt-override-class=\"{&quot;bt_bb_size_&quot;:{&quot;current_class&quot;:&quot;bt_bb_size_large&quot;,&quot;def&quot;:&quot;large&quot;},&quot;bt_bb_align_&quot;:{&quot;current_class&quot;:&quot;bt_bb_align_inherit&quot;,&quot;def&quot;:&quot;inherit&quot;}}\"><div class=\"bt_bb_icon_colored_icon\"><span><svg id=\"Layer_1\" data-name=\"Layer 1\" xmlns=\"http:\/\/www.w3.org\/2000\/svg\" viewBox=\"0 0 2000 2000\">\r\n    <defs>\r\n        <style>\r\n            .cls-1 {\r\n                fill: #e74a3e;\r\n            }\r\n            \r\n            .cls-2 {\r\n                fill: #181818;\r\n            }\r\n        <\/style>\r\n    <\/defs>\r\n    <title>Icons-Business-And-Finance<\/title>\r\n\t<polygon class=\"cls-2\"points=\"1314.27,973.699 999.91,1918.051 685.48,973.699 \t\"\/>\r\n\t<polygon class=\"cls-2\"points=\"55.672,973.699 449.371,580.461 685.48,973.699 \t\"\/>\r\n\t<polygon class=\"cls-2\"points=\"1944.328,973.699 1550.352,580.461 1314.27,973.699 \t\"\/>\r\n\t<path class=\"cls-1\" d=\"M1566.641,541.121H433.102L0,973.691l999.91,1000L2000,973.672L1566.641,541.121z M1259.689,1013.09\r\n\t\tl-259.783,780.375L740.073,1013.09H1259.689z M767.182,934.398l232.705-290.938l232.582,290.938H767.182z M1081.745,619.82h399.081\r\n\t\tL1309.68,904.922L1081.745,619.82z M690.044,904.866L518.899,619.82h399.138L690.044,904.866z M615.969,934.359H150.745\r\n\t\tl290.807-290.47L615.969,934.359z M657.109,1013.051l252.845,759.402l-759.289-759.402H657.109z M1342.648,1013.051h506.7\r\n\t\tL1089.84,1772.5L1342.648,1013.051z M1383.783,934.359l174.394-290.479l291.026,290.479H1383.783z\"\/>\r\n\t<rect x=\"960.602\" y=\"26.309\" class=\"cls-1\" width=\"78.691\" height=\"236.078\"\/>\r\n\t\r\n\t\t<rect x=\"1202.789\" y=\"74.508\" transform=\"matrix(0.9238 0.3828 -0.3828 0.9238 168.3253 -460.8301)\" class=\"cls-1\" width=\"78.686\" height=\"236.087\"\/>\r\n\t\r\n\t\t<rect x=\"1408.159\" y=\"211.644\" transform=\"matrix(0.7071 0.7071 -0.7071 0.7071 657.1011 -926.9784)\" class=\"cls-1\" width=\"78.679\" height=\"236.096\"\/>\r\n\t\r\n\t\t<rect x=\"639.807\" y=\"153.18\" transform=\"matrix(0.3827 0.9239 -0.9239 0.3827 645.7021 -581.3198)\" class=\"cls-1\" width=\"236.104\" height=\"78.694\"\/>\r\n\t\r\n\t\t<rect x=\"434.505\" y=\"290.289\" transform=\"matrix(0.707 0.7072 -0.7072 0.707 395.0103 -294.1824)\" class=\"cls-1\" width=\"236.076\" height=\"78.687\"\/>\r\n<\/svg>\r\n<\/span><\/div><\/div><div data-bb-version=\"5.5.7\"  class=\"bt_bb_text\" ><\/p>\n<p><p><span style=\u201dfont-size: large;\u201d>DNG Test \u00d6l\u00e7\u00fcm Ve Analiz Laboratuvar Dan. Hiz. LTD. \u015eT\u0130 g\u00f6sterdi\u011fi t\u00fcm faaliyetlerde y\u00f6netici ve personeli ile ili\u015fkili t\u00fcm taraflara e\u015fit d\u00fczeyde tarafs\u0131z ve ba\u011f\u0131ms\u0131z yakla\u015f\u0131r. \u0130dari, ticari, mali ve teknik olarak i\u00e7 ve d\u0131\u015f bask\u0131lardan uzak durur ve bunu tehlikeye d\u00fc\u015f\u00fcrecek faaliyetlerde bulunmaz.<\/span><\/p>\n<\/p>\n<p>\n<\/div><div data-bb-version=\"5.5.7\" class=\"bt_bb_separator bt_bb_border_style_none bt_bb_top_spacing_none bt_bb_bottom_spacing_extra_small\" data-bt-override-class=\"{&quot;bt_bb_top_spacing_&quot;:{&quot;current_class&quot;:&quot;bt_bb_top_spacing_none&quot;,&quot;def&quot;:&quot;none&quot;},&quot;bt_bb_bottom_spacing_&quot;:{&quot;current_class&quot;:&quot;bt_bb_bottom_spacing_extra_small&quot;,&quot;def&quot;:&quot;extra_small&quot;}}\"><\/div><div data-bb-version=\"5.5.7\" class=\"bt_bb_icon bt_bb_style_borderless bt_bb_size_large bt_bb_shape_circle bt_bb_align_inherit\" data-bt-override-class=\"{&quot;bt_bb_size_&quot;:{&quot;current_class&quot;:&quot;bt_bb_size_large&quot;,&quot;def&quot;:&quot;large&quot;},&quot;bt_bb_align_&quot;:{&quot;current_class&quot;:&quot;bt_bb_align_inherit&quot;,&quot;def&quot;:&quot;inherit&quot;}}\"><div class=\"bt_bb_icon_colored_icon\"><span><svg id=\"Layer_1\" data-name=\"Layer 1\" xmlns=\"http:\/\/www.w3.org\/2000\/svg\" viewBox=\"0 0 2000 2000\">\r\n    <defs>\r\n        <style>\r\n            .cls-1 {\r\n                fill: #e74a3e;\r\n            }\r\n            \r\n            .cls-2 {\r\n                fill: #181818;\r\n            }\r\n        <\/style>\r\n    <\/defs>\r\n    <title>Icons-Business-And-Finance<\/title>\r\n\t<polygon class=\"cls-2\"points=\"1314.27,973.699 999.91,1918.051 685.48,973.699 \t\"\/>\r\n\t<polygon class=\"cls-2\"points=\"55.672,973.699 449.371,580.461 685.48,973.699 \t\"\/>\r\n\t<polygon class=\"cls-2\"points=\"1944.328,973.699 1550.352,580.461 1314.27,973.699 \t\"\/>\r\n\t<path class=\"cls-1\" d=\"M1566.641,541.121H433.102L0,973.691l999.91,1000L2000,973.672L1566.641,541.121z M1259.689,1013.09\r\n\t\tl-259.783,780.375L740.073,1013.09H1259.689z M767.182,934.398l232.705-290.938l232.582,290.938H767.182z M1081.745,619.82h399.081\r\n\t\tL1309.68,904.922L1081.745,619.82z M690.044,904.866L518.899,619.82h399.138L690.044,904.866z M615.969,934.359H150.745\r\n\t\tl290.807-290.47L615.969,934.359z M657.109,1013.051l252.845,759.402l-759.289-759.402H657.109z M1342.648,1013.051h506.7\r\n\t\tL1089.84,1772.5L1342.648,1013.051z M1383.783,934.359l174.394-290.479l291.026,290.479H1383.783z\"\/>\r\n\t<rect x=\"960.602\" y=\"26.309\" class=\"cls-1\" width=\"78.691\" height=\"236.078\"\/>\r\n\t\r\n\t\t<rect x=\"1202.789\" y=\"74.508\" transform=\"matrix(0.9238 0.3828 -0.3828 0.9238 168.3253 -460.8301)\" class=\"cls-1\" width=\"78.686\" height=\"236.087\"\/>\r\n\t\r\n\t\t<rect x=\"1408.159\" y=\"211.644\" transform=\"matrix(0.7071 0.7071 -0.7071 0.7071 657.1011 -926.9784)\" class=\"cls-1\" width=\"78.679\" height=\"236.096\"\/>\r\n\t\r\n\t\t<rect x=\"639.807\" y=\"153.18\" transform=\"matrix(0.3827 0.9239 -0.9239 0.3827 645.7021 -581.3198)\" class=\"cls-1\" width=\"236.104\" height=\"78.694\"\/>\r\n\t\r\n\t\t<rect x=\"434.505\" y=\"290.289\" transform=\"matrix(0.707 0.7072 -0.7072 0.707 395.0103 -294.1824)\" class=\"cls-1\" width=\"236.076\" height=\"78.687\"\/>\r\n<\/svg>\r\n<\/span><\/div><\/div><div data-bb-version=\"5.5.7\"  class=\"bt_bb_text\" ><\/p>\n<p><p><span style=\u201dfont-size: large;\u201d>DNG Test \u00d6l\u00e7\u00fcm Ve Analiz Laboratuvar Dan. Hiz. LTD. \u015eT\u0130 olarak \u00e7al\u0131\u015fanlar\u0131m\u0131z sabit \u00fccretle \u00e7al\u0131\u015f\u0131r ve ald\u0131\u011f\u0131 \u00fccretin g\u00f6sterdi\u011fi faaliyet sonucu ve say\u0131s\u0131 ile ili\u015fkisi yoktur.<\/span><\/p>\n<\/p>\n<p>\n<\/div><div data-bb-version=\"5.5.7\" class=\"bt_bb_separator bt_bb_border_style_none bt_bb_top_spacing_none bt_bb_bottom_spacing_extra_small\" data-bt-override-class=\"{&quot;bt_bb_top_spacing_&quot;:{&quot;current_class&quot;:&quot;bt_bb_top_spacing_none&quot;,&quot;def&quot;:&quot;none&quot;},&quot;bt_bb_bottom_spacing_&quot;:{&quot;current_class&quot;:&quot;bt_bb_bottom_spacing_extra_small&quot;,&quot;def&quot;:&quot;extra_small&quot;}}\"><\/div><div data-bb-version=\"5.5.7\" class=\"bt_bb_icon bt_bb_style_borderless bt_bb_size_large bt_bb_shape_circle bt_bb_align_inherit\" data-bt-override-class=\"{&quot;bt_bb_size_&quot;:{&quot;current_class&quot;:&quot;bt_bb_size_large&quot;,&quot;def&quot;:&quot;large&quot;},&quot;bt_bb_align_&quot;:{&quot;current_class&quot;:&quot;bt_bb_align_inherit&quot;,&quot;def&quot;:&quot;inherit&quot;}}\"><div class=\"bt_bb_icon_colored_icon\"><span><svg id=\"Layer_1\" data-name=\"Layer 1\" xmlns=\"http:\/\/www.w3.org\/2000\/svg\" viewBox=\"0 0 2000 2000\">\r\n    <defs>\r\n        <style>\r\n            .cls-1 {\r\n                fill: #e74a3e;\r\n            }\r\n            \r\n            .cls-2 {\r\n                fill: #181818;\r\n            }\r\n        <\/style>\r\n    <\/defs>\r\n    <title>Icons-Business-And-Finance<\/title>\r\n\t<polygon class=\"cls-2\"points=\"1314.27,973.699 999.91,1918.051 685.48,973.699 \t\"\/>\r\n\t<polygon class=\"cls-2\"points=\"55.672,973.699 449.371,580.461 685.48,973.699 \t\"\/>\r\n\t<polygon class=\"cls-2\"points=\"1944.328,973.699 1550.352,580.461 1314.27,973.699 \t\"\/>\r\n\t<path class=\"cls-1\" d=\"M1566.641,541.121H433.102L0,973.691l999.91,1000L2000,973.672L1566.641,541.121z M1259.689,1013.09\r\n\t\tl-259.783,780.375L740.073,1013.09H1259.689z M767.182,934.398l232.705-290.938l232.582,290.938H767.182z M1081.745,619.82h399.081\r\n\t\tL1309.68,904.922L1081.745,619.82z M690.044,904.866L518.899,619.82h399.138L690.044,904.866z M615.969,934.359H150.745\r\n\t\tl290.807-290.47L615.969,934.359z M657.109,1013.051l252.845,759.402l-759.289-759.402H657.109z M1342.648,1013.051h506.7\r\n\t\tL1089.84,1772.5L1342.648,1013.051z M1383.783,934.359l174.394-290.479l291.026,290.479H1383.783z\"\/>\r\n\t<rect x=\"960.602\" y=\"26.309\" class=\"cls-1\" width=\"78.691\" height=\"236.078\"\/>\r\n\t\r\n\t\t<rect x=\"1202.789\" y=\"74.508\" transform=\"matrix(0.9238 0.3828 -0.3828 0.9238 168.3253 -460.8301)\" class=\"cls-1\" width=\"78.686\" height=\"236.087\"\/>\r\n\t\r\n\t\t<rect x=\"1408.159\" y=\"211.644\" transform=\"matrix(0.7071 0.7071 -0.7071 0.7071 657.1011 -926.9784)\" class=\"cls-1\" width=\"78.679\" height=\"236.096\"\/>\r\n\t\r\n\t\t<rect x=\"639.807\" y=\"153.18\" transform=\"matrix(0.3827 0.9239 -0.9239 0.3827 645.7021 -581.3198)\" class=\"cls-1\" width=\"236.104\" height=\"78.694\"\/>\r\n\t\r\n\t\t<rect x=\"434.505\" y=\"290.289\" transform=\"matrix(0.707 0.7072 -0.7072 0.707 395.0103 -294.1824)\" class=\"cls-1\" width=\"236.076\" height=\"78.687\"\/>\r\n<\/svg>\r\n<\/span><\/div><\/div><div data-bb-version=\"5.5.7\"  class=\"bt_bb_text\" ><\/p>\n<p><p><span style=\u201dfont-size: large;\u201d>DNG Test \u00d6l\u00e7\u00fcm Ve Analiz Laboratuvar Dan. Hiz. LTD. \u015eT\u0130 kanun, y\u00f6netmelik, standartlar ve etik kurallar \u00e7er\u00e7evesinde y\u00fcr\u00fct\u00fclen bu faaliyetlerde tamamen objektif sonu\u00e7lar ortaya koyarak raporlar haz\u0131rlayaca\u011f\u0131n\u0131 beyan ve taahh\u00fct eder.<\/span><\/p>\n<\/p>\n<p>\n<\/div><\/div><\/div><\/div><\/div><\/div><\/div><!-- cell_inner --><\/div><!-- cell --><\/div><!-- port --><\/section>\n","protected":false},"excerpt":{"rendered":"","protected":false},"author":1,"featured_media":0,"parent":0,"menu_order":0,"comment_status":"closed","ping_status":"closed","template":"","meta":{"footnotes":""},"class_list":["post-2851","page","type-page","status-publish","hentry"],"_links":{"self":[{"href":"https:\/\/artibilgisayar.net\/dngtest\/wp-json\/wp\/v2\/pages\/2851","targetHints":{"allow":["GET"]}}],"collection":[{"href":"https:\/\/artibilgisayar.net\/dngtest\/wp-json\/wp\/v2\/pages"}],"about":[{"href":"https:\/\/artibilgisayar.net\/dngtest\/wp-json\/wp\/v2\/types\/page"}],"author":[{"embeddable":true,"href":"https:\/\/artibilgisayar.net\/dngtest\/wp-json\/wp\/v2\/users\/1"}],"replies":[{"embeddable":true,"href":"https:\/\/artibilgisayar.net\/dngtest\/wp-json\/wp\/v2\/comments?post=2851"}],"version-history":[{"count":18,"href":"https:\/\/artibilgisayar.net\/dngtest\/wp-json\/wp\/v2\/pages\/2851\/revisions"}],"predecessor-version":[{"id":3009,"href":"https:\/\/artibilgisayar.net\/dngtest\/wp-json\/wp\/v2\/pages\/2851\/revisions\/3009"}],"wp:attachment":[{"href":"https:\/\/artibilgisayar.net\/dngtest\/wp-json\/wp\/v2\/media?parent=2851"}],"curies":[{"name":"wp","href":"https:\/\/api.w.org\/{rel}","templated":true}]}}