{"id":26,"date":"2019-04-01T08:40:20","date_gmt":"2019-04-01T08:40:20","guid":{"rendered":"http:\/\/avantage.bold-themes.com\/marketing\/?page_id=26"},"modified":"2026-03-17T11:09:38","modified_gmt":"2026-03-17T08:09:38","slug":"vizyon-misyon","status":"publish","type":"page","link":"https:\/\/artibilgisayar.net\/dngtest\/vizyon-misyon\/","title":{"rendered":"Vizyon &#038; Misyon"},"content":{"rendered":"<section data-bb-version=\"5.6.9\" id=\"bt_bb_section6a01da86f3600\" class=\"bt_bb_section bt_bb_layout_boxed_1200 bt_bb_vertical_align_top bt_bb_top_spacing_extra_large bt_bb_bottom_spacing_none\"  data-bt-override-class=\"{&quot;bt_bb_top_spacing_&quot;:{&quot;current_class&quot;:&quot;bt_bb_top_spacing_extra_large&quot;,&quot;def&quot;:&quot;extra_large&quot;},&quot;bt_bb_bottom_spacing_&quot;:{&quot;current_class&quot;:&quot;bt_bb_bottom_spacing_none&quot;,&quot;def&quot;:&quot;none&quot;},&quot;bt_bb_animation_&quot;:{&quot;current_class&quot;:&quot;bt_bb_animation_no_animation&quot;,&quot;def&quot;:&quot;no_animation&quot;}}\"><div class=\"bt_bb_port\"><div class=\"bt_bb_cell\"><div class=\"bt_bb_cell_inner\"><div class=\"bt_bb_row \"  data-bt-override-class=\"{}\"><div class=\"bt_bb_row_holder\" ><div  class=\"bt_bb_column col-xxl-12 col-xl-12 col-xs-12 col-sm-12 col-md-12 col-lg-12 bt_bb_vertical_align_bottom bt_bb_align_left bt_bb_padding_normal bt_bb_animation_fade_in animate\" style=\"; --column-width:12;\" data-width=\"12\" data-bt-override-class=\"{}\"><div class=\"bt_bb_column_content\"><div class=\"bt_bb_column_content_inner\"><header data-bb-version=\"5.5.7\" class=\"bt_bb_headline bt_bb_dash_top bt_bb_superheadline bt_bb_superheadline_outside bt_bb_subheadline bt_bb_size_large bt_bb_align_inherit\" data-bt-override-class=\"{&quot;bt_bb_size_&quot;:{&quot;current_class&quot;:&quot;bt_bb_size_large&quot;,&quot;def&quot;:&quot;large&quot;},&quot;bt_bb_align_&quot;:{&quot;current_class&quot;:&quot;bt_bb_align_inherit&quot;,&quot;def&quot;:&quot;inherit&quot;},&quot;bt_bb_animation_&quot;:{&quot;current_class&quot;:&quot;bt_bb_animation_no_animation&quot;,&quot;def&quot;:&quot;no_animation&quot;}}\"><div class=\"bt_bb_headline_superheadline_outside\"><span class=\"bt_bb_headline_superheadline\">KURUMSAL<\/span><\/div><h2 class=\"bt_bb_headline_tag\"><span class=\"bt_bb_headline_content\"><span><b>Vizyon &amp; <\/b><u>Misyon<\/u><\/span><\/span><\/h2><div class=\"bt_bb_headline_subheadline\">Dng Test \u00f6l\u00e7\u00fcm ve analiz lab. ISO\/IEC17025 VE ISO\/IEC17020 standard\u0131na uygun olarak kurulmu\u015f kalite y\u00f6netim sistemi, uygun metot, cihaz ve uzman teknik kadrosu ile \u00fcst y\u00f6netimden en alt kademedeki \u00e7al\u0131\u015fan\u0131na kadar ayn\u0131 bilin\u00e7 ve ayn\u0131 ama\u00e7la bezenmi\u015f, \u00e7a\u011fda\u015f y\u00f6netim ilkelerini benimsemi\u015f, ta\u015f\u0131d\u0131\u011f\u0131 b\u00fcy\u00fck sorumlulu\u011fun bilincinde ve s\u00fcrekli geli\u015fme \u00e7abas\u0131 i\u00e7inde hedeflerine ula\u015fmak i\u00e7in \u00e7al\u0131\u015fmaktad\u0131r.<\/div><\/header><div data-bb-version=\"5.5.7\" class=\"bt_bb_separator bt_bb_border_style_none bt_bb_top_spacing_none bt_bb_bottom_spacing_small\" data-bt-override-class=\"{&quot;bt_bb_top_spacing_&quot;:{&quot;current_class&quot;:&quot;bt_bb_top_spacing_none&quot;,&quot;def&quot;:&quot;none&quot;},&quot;bt_bb_bottom_spacing_&quot;:{&quot;current_class&quot;:&quot;bt_bb_bottom_spacing_small&quot;,&quot;def&quot;:&quot;small&quot;}}\"><\/div><div data-bb-version=\"5.5.7\" class=\" bt_bb_row_inner\"   data-bt-override-class=\"{}\"><div class=\"bt_bb_row_inner_holder\"  ><div data-bb-version=\"5.5.7\"  class=\"bt_bb_column_inner col-xxl-8 col-xl-8 col-xs-12 col-sm-12 col-md-12 col-lg-8 bt_bb_vertical_align_top bt_bb_align_left bt_bb_padding_normal\"  data-width=\"8\" data-bt-override-class=\"{}\"><div class=\"bt_bb_column_inner_content\"><div class=\"bt_bb_column_inner_content_inner\"><div data-bb-version=\"5.5.7\" class=\"bt_bb_icon bt_bb_style_borderless bt_bb_size_large bt_bb_shape_circle bt_bb_align_inherit\" data-bt-override-class=\"{&quot;bt_bb_size_&quot;:{&quot;current_class&quot;:&quot;bt_bb_size_large&quot;,&quot;def&quot;:&quot;large&quot;},&quot;bt_bb_align_&quot;:{&quot;current_class&quot;:&quot;bt_bb_align_inherit&quot;,&quot;def&quot;:&quot;inherit&quot;}}\"><div class=\"bt_bb_icon_colored_icon\"><span><svg id=\"Layer_1\" data-name=\"Layer 1\" xmlns=\"http:\/\/www.w3.org\/2000\/svg\" viewBox=\"0 0 2000 2000\">\r\n    <defs>\r\n        <style>\r\n            .cls-1 {\r\n                fill: #e74a3e;\r\n            }\r\n            \r\n            .cls-2 {\r\n                fill: #181818;\r\n            }\r\n        <\/style>\r\n    <\/defs>\r\n    <title>Icons-Business-And-Finance<\/title>\r\n\t<polygon class=\"cls-2\"points=\"1314.27,973.699 999.91,1918.051 685.48,973.699 \t\"\/>\r\n\t<polygon class=\"cls-2\"points=\"55.672,973.699 449.371,580.461 685.48,973.699 \t\"\/>\r\n\t<polygon class=\"cls-2\"points=\"1944.328,973.699 1550.352,580.461 1314.27,973.699 \t\"\/>\r\n\t<path class=\"cls-1\" d=\"M1566.641,541.121H433.102L0,973.691l999.91,1000L2000,973.672L1566.641,541.121z M1259.689,1013.09\r\n\t\tl-259.783,780.375L740.073,1013.09H1259.689z M767.182,934.398l232.705-290.938l232.582,290.938H767.182z M1081.745,619.82h399.081\r\n\t\tL1309.68,904.922L1081.745,619.82z M690.044,904.866L518.899,619.82h399.138L690.044,904.866z M615.969,934.359H150.745\r\n\t\tl290.807-290.47L615.969,934.359z M657.109,1013.051l252.845,759.402l-759.289-759.402H657.109z M1342.648,1013.051h506.7\r\n\t\tL1089.84,1772.5L1342.648,1013.051z M1383.783,934.359l174.394-290.479l291.026,290.479H1383.783z\"\/>\r\n\t<rect x=\"960.602\" y=\"26.309\" class=\"cls-1\" width=\"78.691\" height=\"236.078\"\/>\r\n\t\r\n\t\t<rect x=\"1202.789\" y=\"74.508\" transform=\"matrix(0.9238 0.3828 -0.3828 0.9238 168.3253 -460.8301)\" class=\"cls-1\" width=\"78.686\" height=\"236.087\"\/>\r\n\t\r\n\t\t<rect x=\"1408.159\" y=\"211.644\" transform=\"matrix(0.7071 0.7071 -0.7071 0.7071 657.1011 -926.9784)\" class=\"cls-1\" width=\"78.679\" height=\"236.096\"\/>\r\n\t\r\n\t\t<rect x=\"639.807\" y=\"153.18\" transform=\"matrix(0.3827 0.9239 -0.9239 0.3827 645.7021 -581.3198)\" class=\"cls-1\" width=\"236.104\" height=\"78.694\"\/>\r\n\t\r\n\t\t<rect x=\"434.505\" y=\"290.289\" transform=\"matrix(0.707 0.7072 -0.7072 0.707 395.0103 -294.1824)\" class=\"cls-1\" width=\"236.076\" height=\"78.687\"\/>\r\n<\/svg>\r\n<\/span><\/div><\/div><div data-bb-version=\"5.5.7\"  class=\"bt_bb_text\" ><\/p>\n<p><span style=\"font-size: large;\"> Anlaml\u0131 bir gelece\u011fin ancak sa\u011fl\u0131kl\u0131 ve temiz bir \u00e7evrede m\u00fcmk\u00fcn olaca\u011f\u0131 bilincinin yayg\u0131nla\u015fmas\u0131 ve faaliyetlerinin bilin\u00e7li y\u00fcr\u00fct\u00fclmesi ile ilgili \u00e7al\u0131\u015fmalara katk\u0131da bulunmak.<\/span><\/p>\n<p>\n<\/div><div data-bb-version=\"5.5.7\" class=\"bt_bb_separator bt_bb_border_style_none bt_bb_top_spacing_none bt_bb_bottom_spacing_extra_small\" data-bt-override-class=\"{&quot;bt_bb_top_spacing_&quot;:{&quot;current_class&quot;:&quot;bt_bb_top_spacing_none&quot;,&quot;def&quot;:&quot;none&quot;},&quot;bt_bb_bottom_spacing_&quot;:{&quot;current_class&quot;:&quot;bt_bb_bottom_spacing_extra_small&quot;,&quot;def&quot;:&quot;extra_small&quot;}}\"><\/div><div data-bb-version=\"5.5.7\" class=\"bt_bb_icon bt_bb_style_borderless bt_bb_size_large bt_bb_shape_circle bt_bb_align_inherit\" data-bt-override-class=\"{&quot;bt_bb_size_&quot;:{&quot;current_class&quot;:&quot;bt_bb_size_large&quot;,&quot;def&quot;:&quot;large&quot;},&quot;bt_bb_align_&quot;:{&quot;current_class&quot;:&quot;bt_bb_align_inherit&quot;,&quot;def&quot;:&quot;inherit&quot;}}\"><div class=\"bt_bb_icon_colored_icon\"><span><svg id=\"Layer_1\" data-name=\"Layer 1\" xmlns=\"http:\/\/www.w3.org\/2000\/svg\" viewBox=\"0 0 2000 2000\">\r\n    <defs>\r\n        <style>\r\n            .cls-1 {\r\n                fill: #e74a3e;\r\n            }\r\n            \r\n            .cls-2 {\r\n                fill: #181818;\r\n            }\r\n        <\/style>\r\n    <\/defs>\r\n    <title>Icons-Business-And-Finance<\/title>\r\n\t<polygon class=\"cls-2\"points=\"1314.27,973.699 999.91,1918.051 685.48,973.699 \t\"\/>\r\n\t<polygon class=\"cls-2\"points=\"55.672,973.699 449.371,580.461 685.48,973.699 \t\"\/>\r\n\t<polygon class=\"cls-2\"points=\"1944.328,973.699 1550.352,580.461 1314.27,973.699 \t\"\/>\r\n\t<path class=\"cls-1\" d=\"M1566.641,541.121H433.102L0,973.691l999.91,1000L2000,973.672L1566.641,541.121z M1259.689,1013.09\r\n\t\tl-259.783,780.375L740.073,1013.09H1259.689z M767.182,934.398l232.705-290.938l232.582,290.938H767.182z M1081.745,619.82h399.081\r\n\t\tL1309.68,904.922L1081.745,619.82z M690.044,904.866L518.899,619.82h399.138L690.044,904.866z M615.969,934.359H150.745\r\n\t\tl290.807-290.47L615.969,934.359z M657.109,1013.051l252.845,759.402l-759.289-759.402H657.109z M1342.648,1013.051h506.7\r\n\t\tL1089.84,1772.5L1342.648,1013.051z M1383.783,934.359l174.394-290.479l291.026,290.479H1383.783z\"\/>\r\n\t<rect x=\"960.602\" y=\"26.309\" class=\"cls-1\" width=\"78.691\" height=\"236.078\"\/>\r\n\t\r\n\t\t<rect x=\"1202.789\" y=\"74.508\" transform=\"matrix(0.9238 0.3828 -0.3828 0.9238 168.3253 -460.8301)\" class=\"cls-1\" width=\"78.686\" height=\"236.087\"\/>\r\n\t\r\n\t\t<rect x=\"1408.159\" y=\"211.644\" transform=\"matrix(0.7071 0.7071 -0.7071 0.7071 657.1011 -926.9784)\" class=\"cls-1\" width=\"78.679\" height=\"236.096\"\/>\r\n\t\r\n\t\t<rect x=\"639.807\" y=\"153.18\" transform=\"matrix(0.3827 0.9239 -0.9239 0.3827 645.7021 -581.3198)\" class=\"cls-1\" width=\"236.104\" height=\"78.694\"\/>\r\n\t\r\n\t\t<rect x=\"434.505\" y=\"290.289\" transform=\"matrix(0.707 0.7072 -0.7072 0.707 395.0103 -294.1824)\" class=\"cls-1\" width=\"236.076\" height=\"78.687\"\/>\r\n<\/svg>\r\n<\/span><\/div><\/div><div data-bb-version=\"5.5.7\"  class=\"bt_bb_text\" ><\/p>\n<p><span style=\"font-size: large;\">Odakland\u0131\u011f\u0131 sekt\u00f6rde giri\u015fimcili\u011fi ve sayg\u0131nl\u0131\u011f\u0131 ile m\u00fc\u015fterilerimize en \u00fcst d\u00fczeyde hizmet vererek, do\u011fay\u0131, insan\u0131 ve insani de\u011ferleri \u00f6n planda tutarak ulusal ve uluslararas\u0131 mevzuata uygunluk \u00e7al\u0131\u015fmalar\u0131nda yard\u0131mc\u0131 olmakt\u0131r.<\/span><\/p>\n<p>\n<\/div><div data-bb-version=\"5.5.7\" class=\"bt_bb_separator bt_bb_border_style_none bt_bb_top_spacing_none bt_bb_bottom_spacing_extra_small\" data-bt-override-class=\"{&quot;bt_bb_top_spacing_&quot;:{&quot;current_class&quot;:&quot;bt_bb_top_spacing_none&quot;,&quot;def&quot;:&quot;none&quot;},&quot;bt_bb_bottom_spacing_&quot;:{&quot;current_class&quot;:&quot;bt_bb_bottom_spacing_extra_small&quot;,&quot;def&quot;:&quot;extra_small&quot;}}\"><\/div><div data-bb-version=\"5.5.7\" class=\"bt_bb_icon bt_bb_style_borderless bt_bb_size_large bt_bb_shape_circle bt_bb_align_inherit\" data-bt-override-class=\"{&quot;bt_bb_size_&quot;:{&quot;current_class&quot;:&quot;bt_bb_size_large&quot;,&quot;def&quot;:&quot;large&quot;},&quot;bt_bb_align_&quot;:{&quot;current_class&quot;:&quot;bt_bb_align_inherit&quot;,&quot;def&quot;:&quot;inherit&quot;}}\"><div class=\"bt_bb_icon_colored_icon\"><span><svg id=\"Layer_1\" data-name=\"Layer 1\" xmlns=\"http:\/\/www.w3.org\/2000\/svg\" viewBox=\"0 0 2000 2000\">\r\n    <defs>\r\n        <style>\r\n            .cls-1 {\r\n                fill: #e74a3e;\r\n            }\r\n            \r\n            .cls-2 {\r\n                fill: #181818;\r\n            }\r\n        <\/style>\r\n    <\/defs>\r\n    <title>Icons-Business-And-Finance<\/title>\r\n\t<polygon class=\"cls-2\"points=\"1314.27,973.699 999.91,1918.051 685.48,973.699 \t\"\/>\r\n\t<polygon class=\"cls-2\"points=\"55.672,973.699 449.371,580.461 685.48,973.699 \t\"\/>\r\n\t<polygon class=\"cls-2\"points=\"1944.328,973.699 1550.352,580.461 1314.27,973.699 \t\"\/>\r\n\t<path class=\"cls-1\" d=\"M1566.641,541.121H433.102L0,973.691l999.91,1000L2000,973.672L1566.641,541.121z M1259.689,1013.09\r\n\t\tl-259.783,780.375L740.073,1013.09H1259.689z M767.182,934.398l232.705-290.938l232.582,290.938H767.182z M1081.745,619.82h399.081\r\n\t\tL1309.68,904.922L1081.745,619.82z M690.044,904.866L518.899,619.82h399.138L690.044,904.866z M615.969,934.359H150.745\r\n\t\tl290.807-290.47L615.969,934.359z M657.109,1013.051l252.845,759.402l-759.289-759.402H657.109z M1342.648,1013.051h506.7\r\n\t\tL1089.84,1772.5L1342.648,1013.051z M1383.783,934.359l174.394-290.479l291.026,290.479H1383.783z\"\/>\r\n\t<rect x=\"960.602\" y=\"26.309\" class=\"cls-1\" width=\"78.691\" height=\"236.078\"\/>\r\n\t\r\n\t\t<rect x=\"1202.789\" y=\"74.508\" transform=\"matrix(0.9238 0.3828 -0.3828 0.9238 168.3253 -460.8301)\" class=\"cls-1\" width=\"78.686\" height=\"236.087\"\/>\r\n\t\r\n\t\t<rect x=\"1408.159\" y=\"211.644\" transform=\"matrix(0.7071 0.7071 -0.7071 0.7071 657.1011 -926.9784)\" class=\"cls-1\" width=\"78.679\" height=\"236.096\"\/>\r\n\t\r\n\t\t<rect x=\"639.807\" y=\"153.18\" transform=\"matrix(0.3827 0.9239 -0.9239 0.3827 645.7021 -581.3198)\" class=\"cls-1\" width=\"236.104\" height=\"78.694\"\/>\r\n\t\r\n\t\t<rect x=\"434.505\" y=\"290.289\" transform=\"matrix(0.707 0.7072 -0.7072 0.707 395.0103 -294.1824)\" class=\"cls-1\" width=\"236.076\" height=\"78.687\"\/>\r\n<\/svg>\r\n<\/span><\/div><\/div><div data-bb-version=\"5.5.7\"  class=\"bt_bb_text\" ><\/p>\n<p><span style=\"font-size: large;\">M\u00fc\u015fterilerimizin memnuniyetini s\u00fcrekli \u00f6l\u00e7erek m\u00fcmk\u00fcn olan en \u00fcst d\u00fczeye \u00e7\u0131karabilmek.<\/span><\/p>\n<p>\n<\/div><div data-bb-version=\"5.5.7\" class=\"bt_bb_separator bt_bb_border_style_none bt_bb_top_spacing_none bt_bb_bottom_spacing_extra_small\" data-bt-override-class=\"{&quot;bt_bb_top_spacing_&quot;:{&quot;current_class&quot;:&quot;bt_bb_top_spacing_none&quot;,&quot;def&quot;:&quot;none&quot;},&quot;bt_bb_bottom_spacing_&quot;:{&quot;current_class&quot;:&quot;bt_bb_bottom_spacing_extra_small&quot;,&quot;def&quot;:&quot;extra_small&quot;}}\"><\/div><div data-bb-version=\"5.5.7\" class=\"bt_bb_icon bt_bb_style_borderless bt_bb_size_large bt_bb_shape_circle bt_bb_align_inherit\" data-bt-override-class=\"{&quot;bt_bb_size_&quot;:{&quot;current_class&quot;:&quot;bt_bb_size_large&quot;,&quot;def&quot;:&quot;large&quot;},&quot;bt_bb_align_&quot;:{&quot;current_class&quot;:&quot;bt_bb_align_inherit&quot;,&quot;def&quot;:&quot;inherit&quot;}}\"><div class=\"bt_bb_icon_colored_icon\"><span><svg id=\"Layer_1\" data-name=\"Layer 1\" xmlns=\"http:\/\/www.w3.org\/2000\/svg\" viewBox=\"0 0 2000 2000\">\r\n    <defs>\r\n        <style>\r\n            .cls-1 {\r\n                fill: #e74a3e;\r\n            }\r\n            \r\n            .cls-2 {\r\n                fill: #181818;\r\n            }\r\n        <\/style>\r\n    <\/defs>\r\n    <title>Icons-Business-And-Finance<\/title>\r\n\t<polygon class=\"cls-2\"points=\"1314.27,973.699 999.91,1918.051 685.48,973.699 \t\"\/>\r\n\t<polygon class=\"cls-2\"points=\"55.672,973.699 449.371,580.461 685.48,973.699 \t\"\/>\r\n\t<polygon class=\"cls-2\"points=\"1944.328,973.699 1550.352,580.461 1314.27,973.699 \t\"\/>\r\n\t<path class=\"cls-1\" d=\"M1566.641,541.121H433.102L0,973.691l999.91,1000L2000,973.672L1566.641,541.121z M1259.689,1013.09\r\n\t\tl-259.783,780.375L740.073,1013.09H1259.689z M767.182,934.398l232.705-290.938l232.582,290.938H767.182z M1081.745,619.82h399.081\r\n\t\tL1309.68,904.922L1081.745,619.82z M690.044,904.866L518.899,619.82h399.138L690.044,904.866z M615.969,934.359H150.745\r\n\t\tl290.807-290.47L615.969,934.359z M657.109,1013.051l252.845,759.402l-759.289-759.402H657.109z M1342.648,1013.051h506.7\r\n\t\tL1089.84,1772.5L1342.648,1013.051z M1383.783,934.359l174.394-290.479l291.026,290.479H1383.783z\"\/>\r\n\t<rect x=\"960.602\" y=\"26.309\" class=\"cls-1\" width=\"78.691\" height=\"236.078\"\/>\r\n\t\r\n\t\t<rect x=\"1202.789\" y=\"74.508\" transform=\"matrix(0.9238 0.3828 -0.3828 0.9238 168.3253 -460.8301)\" class=\"cls-1\" width=\"78.686\" height=\"236.087\"\/>\r\n\t\r\n\t\t<rect x=\"1408.159\" y=\"211.644\" transform=\"matrix(0.7071 0.7071 -0.7071 0.7071 657.1011 -926.9784)\" class=\"cls-1\" width=\"78.679\" height=\"236.096\"\/>\r\n\t\r\n\t\t<rect x=\"639.807\" y=\"153.18\" transform=\"matrix(0.3827 0.9239 -0.9239 0.3827 645.7021 -581.3198)\" class=\"cls-1\" width=\"236.104\" height=\"78.694\"\/>\r\n\t\r\n\t\t<rect x=\"434.505\" y=\"290.289\" transform=\"matrix(0.707 0.7072 -0.7072 0.707 395.0103 -294.1824)\" class=\"cls-1\" width=\"236.076\" height=\"78.687\"\/>\r\n<\/svg>\r\n<\/span><\/div><\/div><div data-bb-version=\"5.5.7\"  class=\"bt_bb_text\" ><\/p>\n<p><span style=\"font-size: large;\">M\u00fc\u015fterilerimize zaman\u0131nda raporlama ve bilgi verebilmek.<\/span><\/p>\n<p>\n<\/div><div data-bb-version=\"5.5.7\" class=\"bt_bb_separator bt_bb_border_style_none bt_bb_top_spacing_none bt_bb_bottom_spacing_extra_small\" data-bt-override-class=\"{&quot;bt_bb_top_spacing_&quot;:{&quot;current_class&quot;:&quot;bt_bb_top_spacing_none&quot;,&quot;def&quot;:&quot;none&quot;},&quot;bt_bb_bottom_spacing_&quot;:{&quot;current_class&quot;:&quot;bt_bb_bottom_spacing_extra_small&quot;,&quot;def&quot;:&quot;extra_small&quot;}}\"><\/div><div data-bb-version=\"5.5.7\" class=\"bt_bb_icon bt_bb_style_borderless bt_bb_size_large bt_bb_shape_circle bt_bb_align_inherit\" data-bt-override-class=\"{&quot;bt_bb_size_&quot;:{&quot;current_class&quot;:&quot;bt_bb_size_large&quot;,&quot;def&quot;:&quot;large&quot;},&quot;bt_bb_align_&quot;:{&quot;current_class&quot;:&quot;bt_bb_align_inherit&quot;,&quot;def&quot;:&quot;inherit&quot;}}\"><div class=\"bt_bb_icon_colored_icon\"><span><svg id=\"Layer_1\" data-name=\"Layer 1\" xmlns=\"http:\/\/www.w3.org\/2000\/svg\" viewBox=\"0 0 2000 2000\">\r\n    <defs>\r\n        <style>\r\n            .cls-1 {\r\n                fill: #e74a3e;\r\n            }\r\n            \r\n            .cls-2 {\r\n                fill: #181818;\r\n            }\r\n        <\/style>\r\n    <\/defs>\r\n    <title>Icons-Business-And-Finance<\/title>\r\n\t<polygon class=\"cls-2\"points=\"1314.27,973.699 999.91,1918.051 685.48,973.699 \t\"\/>\r\n\t<polygon class=\"cls-2\"points=\"55.672,973.699 449.371,580.461 685.48,973.699 \t\"\/>\r\n\t<polygon class=\"cls-2\"points=\"1944.328,973.699 1550.352,580.461 1314.27,973.699 \t\"\/>\r\n\t<path class=\"cls-1\" d=\"M1566.641,541.121H433.102L0,973.691l999.91,1000L2000,973.672L1566.641,541.121z M1259.689,1013.09\r\n\t\tl-259.783,780.375L740.073,1013.09H1259.689z M767.182,934.398l232.705-290.938l232.582,290.938H767.182z M1081.745,619.82h399.081\r\n\t\tL1309.68,904.922L1081.745,619.82z M690.044,904.866L518.899,619.82h399.138L690.044,904.866z M615.969,934.359H150.745\r\n\t\tl290.807-290.47L615.969,934.359z M657.109,1013.051l252.845,759.402l-759.289-759.402H657.109z M1342.648,1013.051h506.7\r\n\t\tL1089.84,1772.5L1342.648,1013.051z M1383.783,934.359l174.394-290.479l291.026,290.479H1383.783z\"\/>\r\n\t<rect x=\"960.602\" y=\"26.309\" class=\"cls-1\" width=\"78.691\" height=\"236.078\"\/>\r\n\t\r\n\t\t<rect x=\"1202.789\" y=\"74.508\" transform=\"matrix(0.9238 0.3828 -0.3828 0.9238 168.3253 -460.8301)\" class=\"cls-1\" width=\"78.686\" height=\"236.087\"\/>\r\n\t\r\n\t\t<rect x=\"1408.159\" y=\"211.644\" transform=\"matrix(0.7071 0.7071 -0.7071 0.7071 657.1011 -926.9784)\" class=\"cls-1\" width=\"78.679\" height=\"236.096\"\/>\r\n\t\r\n\t\t<rect x=\"639.807\" y=\"153.18\" transform=\"matrix(0.3827 0.9239 -0.9239 0.3827 645.7021 -581.3198)\" class=\"cls-1\" width=\"236.104\" height=\"78.694\"\/>\r\n\t\r\n\t\t<rect x=\"434.505\" y=\"290.289\" transform=\"matrix(0.707 0.7072 -0.7072 0.707 395.0103 -294.1824)\" class=\"cls-1\" width=\"236.076\" height=\"78.687\"\/>\r\n<\/svg>\r\n<\/span><\/div><\/div><div data-bb-version=\"5.5.7\"  class=\"bt_bb_text\" ><\/p>\n<p><span style=\"font-size: large;\">DNG olarak hatalar\u0131m\u0131z\u0131 en aza indirebilmek i\u00e7in izlemek, s\u0131n\u0131fland\u0131rmak ve gerekli tedbirleri alma konusunda \u00fcst\u00fcne d\u00fc\u015fen vazifeyi en g\u00fczel \u015fekilde if\u015fa etmek.<\/span><\/p>\n<p>\n<\/div><\/div><\/div><\/div><div data-bb-version=\"5.5.7\"  class=\"bt_bb_column_inner col-xxl-4 col-xl-4 col-xs-12 col-sm-12 col-md-12 col-lg-4 bt_bb_vertical_align_top bt_bb_align_left bt_bb_padding_normal\"  data-width=\"4\" data-bt-override-class=\"{}\"><div class=\"bt_bb_column_inner_content\"><div class=\"bt_bb_column_inner_content_inner\"><div data-bb-version=\"5.5.7\" class=\"bt_bb_image bt_bb_shape_square bt_bb_target_self bt_bb_align_inherit bt_bb_hover_style_simple bt_bb_content_display_always bt_bb_content_align_middle bt_bb_top_negative_margin_none bt_bb_bottom_negative_margin_none bt_bb_right_negative_margin_none bt_bb_left_negative_margin_none bt_bb_fill_background_color_full\" style=\"height:320px; overflow: hidden;\" data-bt-override-class=\"{&quot;bt_bb_align_&quot;:{&quot;current_class&quot;:&quot;bt_bb_align_inherit&quot;,&quot;def&quot;:&quot;inherit&quot;},&quot;bt_bb_content_display_&quot;:{&quot;current_class&quot;:&quot;bt_bb_content_display_always&quot;,&quot;def&quot;:&quot;always&quot;},&quot;bt_bb_top_negative_margin_&quot;:{&quot;current_class&quot;:&quot;bt_bb_top_negative_margin_none&quot;,&quot;def&quot;:&quot;none&quot;},&quot;bt_bb_bottom_negative_margin_&quot;:{&quot;current_class&quot;:&quot;bt_bb_bottom_negative_margin_none&quot;,&quot;def&quot;:&quot;none&quot;},&quot;bt_bb_right_negative_margin_&quot;:{&quot;current_class&quot;:&quot;bt_bb_right_negative_margin_none&quot;,&quot;def&quot;:&quot;none&quot;},&quot;bt_bb_left_negative_margin_&quot;:{&quot;current_class&quot;:&quot;bt_bb_left_negative_margin_none&quot;,&quot;def&quot;:&quot;none&quot;},&quot;bt_bb_animation_&quot;:{&quot;current_class&quot;:&quot;bt_bb_animation_no_animation&quot;,&quot;def&quot;:&quot;no_animation&quot;}}\"><span><img loading=\"lazy\" decoding=\"async\" width=\"740\" height=\"739\" src=\"https:\/\/artibilgisayar.net\/dngtest\/wp-content\/uploads\/2025\/12\/misyon-vizyon.png\" class=\"attachment-full size-full\" alt=\"https:\/\/artibilgisayar.net\/dngtest\/wp-content\/uploads\/2025\/12\/misyon-vizyon.png\" data-full_image_src=\"https:\/\/artibilgisayar.net\/dngtest\/wp-content\/uploads\/2025\/12\/misyon-vizyon.png\" title=\"misyon-vizyon\" srcset=\"https:\/\/artibilgisayar.net\/dngtest\/wp-content\/uploads\/2025\/12\/misyon-vizyon.png 740w, https:\/\/artibilgisayar.net\/dngtest\/wp-content\/uploads\/2025\/12\/misyon-vizyon-640x640.png 640w, https:\/\/artibilgisayar.net\/dngtest\/wp-content\/uploads\/2025\/12\/misyon-vizyon-160x160.png 160w, https:\/\/artibilgisayar.net\/dngtest\/wp-content\/uploads\/2025\/12\/misyon-vizyon-320x320.png 320w\" sizes=\"auto, (max-width: 740px) 100vw, 740px\" \/><\/span><\/div><div data-bb-version=\"5.5.7\" class=\"bt_bb_separator bt_bb_border_style_none bt_bb_top_spacing_none bt_bb_bottom_spacing_medium\" data-bt-override-class=\"{&quot;bt_bb_top_spacing_&quot;:{&quot;current_class&quot;:&quot;bt_bb_top_spacing_none&quot;,&quot;def&quot;:&quot;none&quot;},&quot;bt_bb_bottom_spacing_&quot;:{&quot;current_class&quot;:&quot;bt_bb_bottom_spacing_medium&quot;,&quot;def&quot;:&quot;medium&quot;}}\"><\/div><\/div><\/div><\/div><\/div><\/div><\/div><\/div><\/div><\/div><\/div><\/div><!-- cell_inner --><\/div><!-- cell --><\/div><!-- port --><\/section>\n","protected":false},"excerpt":{"rendered":"","protected":false},"author":2,"featured_media":2056,"parent":0,"menu_order":0,"comment_status":"closed","ping_status":"closed","template":"","meta":{"footnotes":""},"class_list":["post-26","page","type-page","status-publish","has-post-thumbnail","hentry"],"_links":{"self":[{"href":"https:\/\/artibilgisayar.net\/dngtest\/wp-json\/wp\/v2\/pages\/26","targetHints":{"allow":["GET"]}}],"collection":[{"href":"https:\/\/artibilgisayar.net\/dngtest\/wp-json\/wp\/v2\/pages"}],"about":[{"href":"https:\/\/artibilgisayar.net\/dngtest\/wp-json\/wp\/v2\/types\/page"}],"author":[{"embeddable":true,"href":"https:\/\/artibilgisayar.net\/dngtest\/wp-json\/wp\/v2\/users\/2"}],"replies":[{"embeddable":true,"href":"https:\/\/artibilgisayar.net\/dngtest\/wp-json\/wp\/v2\/comments?post=26"}],"version-history":[{"count":3,"href":"https:\/\/artibilgisayar.net\/dngtest\/wp-json\/wp\/v2\/pages\/26\/revisions"}],"predecessor-version":[{"id":2850,"href":"https:\/\/artibilgisayar.net\/dngtest\/wp-json\/wp\/v2\/pages\/26\/revisions\/2850"}],"wp:featuredmedia":[{"embeddable":true,"href":"https:\/\/artibilgisayar.net\/dngtest\/wp-json\/wp\/v2\/media\/2056"}],"wp:attachment":[{"href":"https:\/\/artibilgisayar.net\/dngtest\/wp-json\/wp\/v2\/media?parent=26"}],"curies":[{"name":"wp","href":"https:\/\/api.w.org\/{rel}","templated":true}]}}