{"id":2328,"date":"2025-12-08T00:06:27","date_gmt":"2025-12-07T21:06:27","guid":{"rendered":"https:\/\/artibilgisayar.net\/dngtest\/?page_id=2328"},"modified":"2026-03-18T23:05:15","modified_gmt":"2026-03-18T20:05:15","slug":"belgelerimiz","status":"publish","type":"page","link":"https:\/\/artibilgisayar.net\/dngtest\/belgelerimiz\/","title":{"rendered":"Belgelerimiz"},"content":{"rendered":"<section id=\"bt_bb_section6a01daaa11c0c\" class=\"bt_bb_section bt_bb_layout_boxed_1200 bt_bb_vertical_align_top bt_bb_top_spacing_large bt_bb_bottom_spacing_large\"  data-bt-override-class=\"null\"><div class=\"bt_bb_port\"><div class=\"bt_bb_cell\"><div class=\"bt_bb_cell_inner\"><div class=\"bt_bb_row \"  data-bt-override-class=\"{}\"><div class=\"bt_bb_row_holder\" ><div  class=\"bt_bb_column col-xxl-12 col-xl-12 col-xs-12 col-sm-12 col-md-12 col-lg-12 bt_bb_vertical_align_top bt_bb_align_left bt_bb_padding_normal bt_bb_animation_fade_in zoom_out animate\" style=\"; --column-width:12;\" data-width=\"12\" data-bt-override-class=\"{}\"><div class=\"bt_bb_column_content\"><div class=\"bt_bb_column_content_inner\"><div data-bb-version=\"5.5.7\" class=\"bt_bb_separator bt_bb_border_style_none bt_bb_top_spacing_large bt_bb_bottom_spacing_none\" data-bt-override-class=\"{&quot;bt_bb_top_spacing_&quot;:{&quot;current_class&quot;:&quot;bt_bb_top_spacing_large&quot;,&quot;def&quot;:&quot;large&quot;},&quot;bt_bb_bottom_spacing_&quot;:{&quot;current_class&quot;:&quot;bt_bb_bottom_spacing_none&quot;,&quot;def&quot;:&quot;none&quot;}}\"><\/div><header data-bb-version=\"5.5.7\" class=\"bt_bb_headline bt_bb_dash_top bt_bb_size_large bt_bb_align_inherit\" data-bt-override-class=\"{&quot;bt_bb_size_&quot;:{&quot;current_class&quot;:&quot;bt_bb_size_large&quot;,&quot;def&quot;:&quot;large&quot;},&quot;bt_bb_align_&quot;:{&quot;current_class&quot;:&quot;bt_bb_align_inherit&quot;,&quot;def&quot;:&quot;inherit&quot;},&quot;bt_bb_animation_&quot;:{&quot;current_class&quot;:&quot;bt_bb_animation_no_animation&quot;,&quot;def&quot;:&quot;no_animation&quot;}}\"><h2 class=\"bt_bb_headline_tag\"><span class=\"bt_bb_headline_content\"><span><u>Belgelerimiz<\/u><\/span><\/span><\/h2><\/header><div class=\"bt_bb_separator bt_bb_border_style_none bt_bb_bottom_spacing_normal bt_bb_hidden_md bt_bb_hidden_lg\" data-bt-override-class=\"null\"><\/div><\/div><\/div><\/div><\/div><\/div><div class=\"bt_bb_row \"  data-bt-override-class=\"{}\"><div class=\"bt_bb_row_holder\" ><div  class=\"bt_bb_column col-xxl-12 col-xl-12 bt_bb_vertical_align_top bt_bb_align_left bt_bb_padding_normal bt_bb_animation_fade_in animate\" style=\"; --column-width:12;\" data-width=\"12\" data-bt-override-class=\"{}\"><div class=\"bt_bb_column_content\"><div class=\"bt_bb_column_content_inner\"><div class=\"bt_bb_separator bt_bb_border_style_solid bt_bb_top_spacing_normal bt_bb_bottom_spacing_medium\" style=\"; border-width: 2px\" data-bt-override-class=\"null\"><\/div><div data-bb-version=\"5.5.7\" class=\" bt_bb_row_inner\"   data-bt-override-class=\"{}\"><div class=\"bt_bb_row_inner_holder\"  ><div data-bb-version=\"5.6.9\"  class=\"bt_bb_column_inner col-xxl-6 col-xl-6 col-xs-12 col-sm-6 col-md-6 col-lg-6 bt_bb_vertical_align_top bt_bb_align_left bt_bb_padding_none\"  data-width=\"6\" data-bt-override-class=\"{&quot;bt_bb_align_&quot;:{&quot;current_class&quot;:&quot;bt_bb_align_left&quot;,&quot;def&quot;:&quot;left&quot;},&quot;bt_bb_padding_&quot;:{&quot;current_class&quot;:&quot;bt_bb_padding_none&quot;,&quot;def&quot;:&quot;none&quot;},&quot;bt_bb_animation_&quot;:{&quot;current_class&quot;:&quot;bt_bb_animation_no_animation&quot;,&quot;def&quot;:&quot;no_animation&quot;}}\"><div class=\"bt_bb_column_inner_content\"><div class=\"bt_bb_column_inner_content_inner\"><header data-bb-version=\"5.6.9\" class=\"bt_bb_splitted_headline bt_bb_line_orientation_left\"><h4 class=\"bt_bb_splitted_headline_first bt_bb_size_inherit\" style=\"color:rgb(221,153,51);\"><span class=\"bt_bb_splitted_headline_content\"><span>\u00c7evre ve \u015eehircilik Bakanl\u0131\u011f\u0131 Yetki Belgesi<\/span><\/span><\/h4><div  class=\"bt_bb_splitted_headline_line bt_bb_line_thick_1\"><\/div><\/header><div data-bb-version=\"5.6.9\" class=\"bt_bb_separator bt_bb_border_style_none bt_bb_top_spacing_normal bt_bb_bottom_spacing_small\" data-bt-override-class=\"{&quot;bt_bb_top_spacing_&quot;:{&quot;current_class&quot;:&quot;bt_bb_top_spacing_normal&quot;,&quot;def&quot;:&quot;normal&quot;},&quot;bt_bb_bottom_spacing_&quot;:{&quot;current_class&quot;:&quot;bt_bb_bottom_spacing_small&quot;,&quot;def&quot;:&quot;small&quot;}}\"><\/div><div data-bb-version=\"5.6.9\" class=\"bt_bb_image bt_bb_shape_soft-rounded bt_bb_target_self bt_bb_align_inherit bt_bb_hover_style_zoom-in bt_bb_content_display_always bt_bb_content_align_middle bt_bb_top_negative_margin_none bt_bb_bottom_negative_margin_none bt_bb_right_negative_margin_none bt_bb_left_negative_margin_none bt_bb_fill_background_color_full\" style=\"height:350px; overflow: hidden;\" data-bt-override-class=\"{&quot;bt_bb_align_&quot;:{&quot;current_class&quot;:&quot;bt_bb_align_inherit&quot;,&quot;def&quot;:&quot;inherit&quot;},&quot;bt_bb_content_display_&quot;:{&quot;current_class&quot;:&quot;bt_bb_content_display_always&quot;,&quot;def&quot;:&quot;always&quot;},&quot;bt_bb_top_negative_margin_&quot;:{&quot;current_class&quot;:&quot;bt_bb_top_negative_margin_none&quot;,&quot;def&quot;:&quot;none&quot;},&quot;bt_bb_bottom_negative_margin_&quot;:{&quot;current_class&quot;:&quot;bt_bb_bottom_negative_margin_none&quot;,&quot;def&quot;:&quot;none&quot;},&quot;bt_bb_right_negative_margin_&quot;:{&quot;current_class&quot;:&quot;bt_bb_right_negative_margin_none&quot;,&quot;def&quot;:&quot;none&quot;},&quot;bt_bb_left_negative_margin_&quot;:{&quot;current_class&quot;:&quot;bt_bb_left_negative_margin_none&quot;,&quot;def&quot;:&quot;none&quot;},&quot;bt_bb_animation_&quot;:{&quot;current_class&quot;:&quot;bt_bb_animation_no_animation&quot;,&quot;def&quot;:&quot;no_animation&quot;}}\"><span><img loading=\"lazy\" decoding=\"async\" width=\"1902\" height=\"1374\" src=\"https:\/\/artibilgisayar.net\/dngtest\/wp-content\/uploads\/2026\/03\/C\u0327evre-ve-S\u0327ehircilik-Bakanlig\u0306i-Yetki-Belgesi.png\" class=\"attachment-full size-full\" alt=\"https:\/\/artibilgisayar.net\/dngtest\/wp-content\/uploads\/2026\/03\/C\u0327evre-ve-S\u0327ehircilik-Bakanlig\u0306i-Yetki-Belgesi.png\" data-full_image_src=\"https:\/\/artibilgisayar.net\/dngtest\/wp-content\/uploads\/2026\/03\/C\u0327evre-ve-S\u0327ehircilik-Bakanlig\u0306i-Yetki-Belgesi.png\" title=\"C\u0327evre ve S\u0327ehircilik Bakanl\u0131g\u0306\u0131 Yetki Belgesi\" srcset=\"https:\/\/artibilgisayar.net\/dngtest\/wp-content\/uploads\/2026\/03\/C\u0327evre-ve-S\u0327ehircilik-Bakanlig\u0306i-Yetki-Belgesi.png 1902w, https:\/\/artibilgisayar.net\/dngtest\/wp-content\/uploads\/2026\/03\/C\u0327evre-ve-S\u0327ehircilik-Bakanlig\u0306i-Yetki-Belgesi-640x462.png 640w, https:\/\/artibilgisayar.net\/dngtest\/wp-content\/uploads\/2026\/03\/C\u0327evre-ve-S\u0327ehircilik-Bakanlig\u0306i-Yetki-Belgesi-1280x925.png 1280w, https:\/\/artibilgisayar.net\/dngtest\/wp-content\/uploads\/2026\/03\/C\u0327evre-ve-S\u0327ehircilik-Bakanlig\u0306i-Yetki-Belgesi-768x555.png 768w, https:\/\/artibilgisayar.net\/dngtest\/wp-content\/uploads\/2026\/03\/C\u0327evre-ve-S\u0327ehircilik-Bakanlig\u0306i-Yetki-Belgesi-1536x1110.png 1536w, https:\/\/artibilgisayar.net\/dngtest\/wp-content\/uploads\/2026\/03\/C\u0327evre-ve-S\u0327ehircilik-Bakanlig\u0306i-Yetki-Belgesi-320x231.png 320w\" sizes=\"auto, (max-width: 1902px) 100vw, 1902px\" \/><\/span><\/div><div data-bb-version=\"5.6.9\" class=\"bt_bb_separator bt_bb_border_style_none bt_bb_top_spacing_normal bt_bb_bottom_spacing_small\" data-bt-override-class=\"{&quot;bt_bb_top_spacing_&quot;:{&quot;current_class&quot;:&quot;bt_bb_top_spacing_normal&quot;,&quot;def&quot;:&quot;normal&quot;},&quot;bt_bb_bottom_spacing_&quot;:{&quot;current_class&quot;:&quot;bt_bb_bottom_spacing_small&quot;,&quot;def&quot;:&quot;small&quot;}}\"><\/div><div data-bb-version=\"5.5.7\"  class=\"bt_bb_text\" ><\/p>\n<h5>\u00c7evre \u00d6l\u00e7\u00fcm ve Test Yeterlik Belgesi<\/h5>\n<p>Belgenin orjinalini indirmek i\u00e7in <a href=\"https:\/\/artibilgisayar.net\/dngtest\/wp-content\/uploads\/2026\/03\/C\u0327evre-ve-S\u0327ehircilik-Bakanlig\u0306i-Yetki-Belgesi.pdf\" target=\"_blank\" rel=\"noopener\">t\u0131klay\u0131n.<\/a><\/p>\n<p>\n<\/div><\/div><\/div><\/div><div data-bb-version=\"5.6.9\"  class=\"bt_bb_column_inner col-xxl-6 col-xl-6 col-xs-12 col-sm-6 col-md-6 col-lg-6 bt_bb_vertical_align_top bt_bb_align_left bt_bb_padding_normal\"  data-width=\"6\" data-bt-override-class=\"{}\"><div class=\"bt_bb_column_inner_content\"><div class=\"bt_bb_column_inner_content_inner\"><header data-bb-version=\"5.6.9\" class=\"bt_bb_splitted_headline bt_bb_line_orientation_left\"><h4 class=\"bt_bb_splitted_headline_first bt_bb_size_inherit\" style=\"color:rgb(221,153,51);\"><span class=\"bt_bb_splitted_headline_content\"><span>\u00c7al\u0131\u015fma ve Sosyal G\u00fcvenlik Bakanl\u0131\u011f\u0131 Yetki Belgesi<\/span><\/span><\/h4><div  class=\"bt_bb_splitted_headline_line bt_bb_line_thick_1\"><\/div><\/header><div data-bb-version=\"5.6.9\" class=\"bt_bb_separator bt_bb_border_style_none bt_bb_top_spacing_normal bt_bb_bottom_spacing_small\" data-bt-override-class=\"{&quot;bt_bb_top_spacing_&quot;:{&quot;current_class&quot;:&quot;bt_bb_top_spacing_normal&quot;,&quot;def&quot;:&quot;normal&quot;},&quot;bt_bb_bottom_spacing_&quot;:{&quot;current_class&quot;:&quot;bt_bb_bottom_spacing_small&quot;,&quot;def&quot;:&quot;small&quot;}}\"><\/div><div data-bb-version=\"5.6.9\" class=\"bt_bb_image bt_bb_shape_soft-rounded bt_bb_target_self bt_bb_align_inherit bt_bb_hover_style_zoom-in bt_bb_content_display_always bt_bb_content_align_middle bt_bb_top_negative_margin_none bt_bb_bottom_negative_margin_none bt_bb_right_negative_margin_none bt_bb_left_negative_margin_none bt_bb_top_negative_margin_none bt_bb_bottom_negative_margin_none bt_bb_right_negative_margin_none bt_bb_left_negative_margin_none bt_bb_fill_background_color_full\" style=\"height:350px; overflow: hidden;\" data-bt-override-class=\"{&quot;bt_bb_align_&quot;:{&quot;current_class&quot;:&quot;bt_bb_align_inherit&quot;,&quot;def&quot;:&quot;inherit&quot;},&quot;bt_bb_content_display_&quot;:{&quot;current_class&quot;:&quot;bt_bb_content_display_always&quot;,&quot;def&quot;:&quot;always&quot;},&quot;bt_bb_top_negative_margin_&quot;:{&quot;current_class&quot;:&quot;bt_bb_top_negative_margin_none&quot;,&quot;def&quot;:&quot;none&quot;},&quot;bt_bb_bottom_negative_margin_&quot;:{&quot;current_class&quot;:&quot;bt_bb_bottom_negative_margin_none&quot;,&quot;def&quot;:&quot;none&quot;},&quot;bt_bb_right_negative_margin_&quot;:{&quot;current_class&quot;:&quot;bt_bb_right_negative_margin_none&quot;,&quot;def&quot;:&quot;none&quot;},&quot;bt_bb_left_negative_margin_&quot;:{&quot;current_class&quot;:&quot;bt_bb_left_negative_margin_none&quot;,&quot;def&quot;:&quot;none&quot;},&quot;bt_bb_animation_&quot;:{&quot;current_class&quot;:&quot;bt_bb_animation_no_animation&quot;,&quot;def&quot;:&quot;no_animation&quot;}}\"><span><img loading=\"lazy\" decoding=\"async\" width=\"1654\" height=\"1278\" src=\"https:\/\/artibilgisayar.net\/dngtest\/wp-content\/uploads\/2026\/03\/C\u0327alis\u0327ma-ve-Sosyal-Gu\u0308venlik-Bakanlig\u0306i-Yetki-Belgesi.png\" class=\"attachment-full size-full\" alt=\"https:\/\/artibilgisayar.net\/dngtest\/wp-content\/uploads\/2026\/03\/C\u0327alis\u0327ma-ve-Sosyal-Gu\u0308venlik-Bakanlig\u0306i-Yetki-Belgesi.png\" data-full_image_src=\"https:\/\/artibilgisayar.net\/dngtest\/wp-content\/uploads\/2026\/03\/C\u0327alis\u0327ma-ve-Sosyal-Gu\u0308venlik-Bakanlig\u0306i-Yetki-Belgesi.png\" title=\"C\u0327al\u0131s\u0327ma ve Sosyal Gu\u0308venlik Bakanl\u0131g\u0306\u0131 Yetki Belgesi\" srcset=\"https:\/\/artibilgisayar.net\/dngtest\/wp-content\/uploads\/2026\/03\/C\u0327alis\u0327ma-ve-Sosyal-Gu\u0308venlik-Bakanlig\u0306i-Yetki-Belgesi.png 1654w, https:\/\/artibilgisayar.net\/dngtest\/wp-content\/uploads\/2026\/03\/C\u0327alis\u0327ma-ve-Sosyal-Gu\u0308venlik-Bakanlig\u0306i-Yetki-Belgesi-640x495.png 640w, https:\/\/artibilgisayar.net\/dngtest\/wp-content\/uploads\/2026\/03\/C\u0327alis\u0327ma-ve-Sosyal-Gu\u0308venlik-Bakanlig\u0306i-Yetki-Belgesi-1280x989.png 1280w, https:\/\/artibilgisayar.net\/dngtest\/wp-content\/uploads\/2026\/03\/C\u0327alis\u0327ma-ve-Sosyal-Gu\u0308venlik-Bakanlig\u0306i-Yetki-Belgesi-768x593.png 768w, https:\/\/artibilgisayar.net\/dngtest\/wp-content\/uploads\/2026\/03\/C\u0327alis\u0327ma-ve-Sosyal-Gu\u0308venlik-Bakanlig\u0306i-Yetki-Belgesi-1536x1187.png 1536w, https:\/\/artibilgisayar.net\/dngtest\/wp-content\/uploads\/2026\/03\/C\u0327alis\u0327ma-ve-Sosyal-Gu\u0308venlik-Bakanlig\u0306i-Yetki-Belgesi-320x247.png 320w\" sizes=\"auto, (max-width: 1654px) 100vw, 1654px\" \/><\/span><\/div><div data-bb-version=\"5.6.9\" class=\"bt_bb_separator bt_bb_border_style_none bt_bb_top_spacing_normal bt_bb_bottom_spacing_small\" data-bt-override-class=\"{&quot;bt_bb_top_spacing_&quot;:{&quot;current_class&quot;:&quot;bt_bb_top_spacing_normal&quot;,&quot;def&quot;:&quot;normal&quot;},&quot;bt_bb_bottom_spacing_&quot;:{&quot;current_class&quot;:&quot;bt_bb_bottom_spacing_small&quot;,&quot;def&quot;:&quot;small&quot;}}\"><\/div><div data-bb-version=\"5.5.7\"  class=\"bt_bb_text\" ><\/p>\n<h5>\u0130\u015f Hijyeni \u00d6l\u00e7\u00fcm, Test ve Analiz Yeterlik Belgesi<\/h5>\n<p>Belgenin orjinalini indirmek i\u00e7in <a href=\"https:\/\/artibilgisayar.net\/dngtest\/wp-content\/uploads\/2026\/03\/C\u0327alis\u0327ma-ve-Sosyal-Gu\u0308venlik-Bakanlig\u0306i-Yetki-Belgesi.pdf\" target=\"_blank\" rel=\"noopener\">t\u0131klay\u0131n.<\/a><\/p>\n<p>\n<\/div><\/div><\/div><\/div><\/div><\/div><\/div><\/div><\/div><\/div><\/div><div class=\"bt_bb_row \"  data-bt-override-class=\"{}\"><div class=\"bt_bb_row_holder\" ><div  class=\"bt_bb_column col-xxl-12 col-xl-12 bt_bb_vertical_align_top bt_bb_align_left bt_bb_padding_normal bt_bb_animation_fade_in animate\" style=\"; --column-width:12;\" data-width=\"12\" data-bt-override-class=\"{}\"><div class=\"bt_bb_column_content\"><div class=\"bt_bb_column_content_inner\"><div class=\"bt_bb_separator bt_bb_border_style_solid bt_bb_top_spacing_normal bt_bb_bottom_spacing_medium\" style=\"; border-width: 2px\" data-bt-override-class=\"null\"><\/div><div data-bb-version=\"5.5.7\" class=\" bt_bb_row_inner\"   data-bt-override-class=\"{}\"><div class=\"bt_bb_row_inner_holder\"  ><div data-bb-version=\"5.6.9\"  class=\"bt_bb_column_inner col-xxl-6 col-xl-6 col-xs-12 col-sm-6 col-md-6 col-lg-6 bt_bb_vertical_align_top bt_bb_align_left bt_bb_padding_none\"  data-width=\"6\" data-bt-override-class=\"{&quot;bt_bb_align_&quot;:{&quot;current_class&quot;:&quot;bt_bb_align_left&quot;,&quot;def&quot;:&quot;left&quot;},&quot;bt_bb_padding_&quot;:{&quot;current_class&quot;:&quot;bt_bb_padding_none&quot;,&quot;def&quot;:&quot;none&quot;},&quot;bt_bb_animation_&quot;:{&quot;current_class&quot;:&quot;bt_bb_animation_no_animation&quot;,&quot;def&quot;:&quot;no_animation&quot;}}\"><div class=\"bt_bb_column_inner_content\"><div class=\"bt_bb_column_inner_content_inner\"><header data-bb-version=\"5.6.9\" class=\"bt_bb_splitted_headline bt_bb_line_orientation_left\"><h4 class=\"bt_bb_splitted_headline_first bt_bb_size_inherit\" style=\"color:rgb(221,153,51);\"><span class=\"bt_bb_splitted_headline_content\"><span>T\u00fcrkak Akreditasyon Sertifikas\u0131 (17025)<\/span><\/span><\/h4><div  class=\"bt_bb_splitted_headline_line bt_bb_line_thick_1\"><\/div><\/header><div data-bb-version=\"5.6.9\" class=\"bt_bb_separator bt_bb_border_style_none bt_bb_top_spacing_normal bt_bb_bottom_spacing_small\" data-bt-override-class=\"{&quot;bt_bb_top_spacing_&quot;:{&quot;current_class&quot;:&quot;bt_bb_top_spacing_normal&quot;,&quot;def&quot;:&quot;normal&quot;},&quot;bt_bb_bottom_spacing_&quot;:{&quot;current_class&quot;:&quot;bt_bb_bottom_spacing_small&quot;,&quot;def&quot;:&quot;small&quot;}}\"><\/div><div data-bb-version=\"5.6.9\" class=\"bt_bb_image bt_bb_shape_soft-rounded bt_bb_target_self bt_bb_align_inherit bt_bb_hover_style_zoom-in bt_bb_content_display_always bt_bb_content_align_middle bt_bb_top_negative_margin_none bt_bb_bottom_negative_margin_none bt_bb_right_negative_margin_none bt_bb_left_negative_margin_none bt_bb_top_negative_margin_none bt_bb_bottom_negative_margin_none bt_bb_right_negative_margin_none bt_bb_left_negative_margin_none bt_bb_top_negative_margin_none bt_bb_bottom_negative_margin_none bt_bb_right_negative_margin_none bt_bb_left_negative_margin_none bt_bb_fill_background_color_full\" style=\"height:500px; overflow: hidden;\" data-bt-override-class=\"{&quot;bt_bb_align_&quot;:{&quot;current_class&quot;:&quot;bt_bb_align_inherit&quot;,&quot;def&quot;:&quot;inherit&quot;},&quot;bt_bb_content_display_&quot;:{&quot;current_class&quot;:&quot;bt_bb_content_display_always&quot;,&quot;def&quot;:&quot;always&quot;},&quot;bt_bb_top_negative_margin_&quot;:{&quot;current_class&quot;:&quot;bt_bb_top_negative_margin_none&quot;,&quot;def&quot;:&quot;none&quot;},&quot;bt_bb_bottom_negative_margin_&quot;:{&quot;current_class&quot;:&quot;bt_bb_bottom_negative_margin_none&quot;,&quot;def&quot;:&quot;none&quot;},&quot;bt_bb_right_negative_margin_&quot;:{&quot;current_class&quot;:&quot;bt_bb_right_negative_margin_none&quot;,&quot;def&quot;:&quot;none&quot;},&quot;bt_bb_left_negative_margin_&quot;:{&quot;current_class&quot;:&quot;bt_bb_left_negative_margin_none&quot;,&quot;def&quot;:&quot;none&quot;},&quot;bt_bb_animation_&quot;:{&quot;current_class&quot;:&quot;bt_bb_animation_no_animation&quot;,&quot;def&quot;:&quot;no_animation&quot;}}\"><span><img loading=\"lazy\" decoding=\"async\" width=\"982\" height=\"1374\" src=\"https:\/\/artibilgisayar.net\/dngtest\/wp-content\/uploads\/2026\/03\/Tu\u0308rkak-Akreditasyon-Sertifikasi-17025.png\" class=\"attachment-full size-full\" alt=\"https:\/\/artibilgisayar.net\/dngtest\/wp-content\/uploads\/2026\/03\/Tu\u0308rkak-Akreditasyon-Sertifikasi-17025.png\" data-full_image_src=\"https:\/\/artibilgisayar.net\/dngtest\/wp-content\/uploads\/2026\/03\/Tu\u0308rkak-Akreditasyon-Sertifikasi-17025.png\" title=\"Tu\u0308rkak Akreditasyon Sertifikas\u0131 (17025)\" srcset=\"https:\/\/artibilgisayar.net\/dngtest\/wp-content\/uploads\/2026\/03\/Tu\u0308rkak-Akreditasyon-Sertifikasi-17025.png 982w, https:\/\/artibilgisayar.net\/dngtest\/wp-content\/uploads\/2026\/03\/Tu\u0308rkak-Akreditasyon-Sertifikasi-17025-640x895.png 640w, https:\/\/artibilgisayar.net\/dngtest\/wp-content\/uploads\/2026\/03\/Tu\u0308rkak-Akreditasyon-Sertifikasi-17025-768x1075.png 768w, https:\/\/artibilgisayar.net\/dngtest\/wp-content\/uploads\/2026\/03\/Tu\u0308rkak-Akreditasyon-Sertifikasi-17025-320x448.png 320w\" sizes=\"auto, (max-width: 982px) 100vw, 982px\" \/><\/span><\/div><div data-bb-version=\"5.6.9\" class=\"bt_bb_separator bt_bb_border_style_none bt_bb_top_spacing_normal bt_bb_bottom_spacing_small\" data-bt-override-class=\"{&quot;bt_bb_top_spacing_&quot;:{&quot;current_class&quot;:&quot;bt_bb_top_spacing_normal&quot;,&quot;def&quot;:&quot;normal&quot;},&quot;bt_bb_bottom_spacing_&quot;:{&quot;current_class&quot;:&quot;bt_bb_bottom_spacing_small&quot;,&quot;def&quot;:&quot;small&quot;}}\"><\/div><div data-bb-version=\"5.5.7\"  class=\"bt_bb_text\" ><\/p>\n<h5>17025 T\u00dcRKAK Akreditasyon Sertifikas\u0131<\/h5>\n<p>Belgenin orjinalini indirmek i\u00e7in <a href=\"https:\/\/artibilgisayar.net\/dngtest\/wp-content\/uploads\/2026\/03\/Tu\u0308rkak-Akreditasyon-Sertifikasi-17025.pdf\" target=\"_blank\" rel=\"noopener\">t\u0131klay\u0131n.<\/a><\/p>\n<p>\n<\/div><\/div><\/div><\/div><div data-bb-version=\"5.6.9\"  class=\"bt_bb_column_inner col-xxl-6 col-xl-6 col-xs-12 col-sm-6 col-md-6 col-lg-6 bt_bb_vertical_align_top bt_bb_align_left bt_bb_padding_normal\"  data-width=\"6\" data-bt-override-class=\"{}\"><div class=\"bt_bb_column_inner_content\"><div class=\"bt_bb_column_inner_content_inner\"><header data-bb-version=\"5.6.9\" class=\"bt_bb_splitted_headline bt_bb_line_orientation_left\"><h4 class=\"bt_bb_splitted_headline_first bt_bb_size_inherit\" style=\"color:rgb(221,153,51);\"><span class=\"bt_bb_splitted_headline_content\"><span>T\u00fcrkak Akreditasyon Sertifikas\u0131 (17020)<\/span><\/span><\/h4><div  class=\"bt_bb_splitted_headline_line bt_bb_line_thick_1\"><\/div><\/header><div data-bb-version=\"5.6.9\" class=\"bt_bb_separator bt_bb_border_style_none bt_bb_top_spacing_normal bt_bb_bottom_spacing_small\" data-bt-override-class=\"{&quot;bt_bb_top_spacing_&quot;:{&quot;current_class&quot;:&quot;bt_bb_top_spacing_normal&quot;,&quot;def&quot;:&quot;normal&quot;},&quot;bt_bb_bottom_spacing_&quot;:{&quot;current_class&quot;:&quot;bt_bb_bottom_spacing_small&quot;,&quot;def&quot;:&quot;small&quot;}}\"><\/div><div data-bb-version=\"5.6.9\" class=\"bt_bb_image bt_bb_shape_soft-rounded bt_bb_target_self bt_bb_align_inherit bt_bb_hover_style_zoom-in bt_bb_content_display_always bt_bb_content_align_middle bt_bb_top_negative_margin_none bt_bb_bottom_negative_margin_none bt_bb_right_negative_margin_none bt_bb_left_negative_margin_none bt_bb_top_negative_margin_none bt_bb_bottom_negative_margin_none bt_bb_right_negative_margin_none bt_bb_left_negative_margin_none bt_bb_top_negative_margin_none bt_bb_bottom_negative_margin_none bt_bb_right_negative_margin_none bt_bb_left_negative_margin_none bt_bb_top_negative_margin_none bt_bb_bottom_negative_margin_none bt_bb_right_negative_margin_none bt_bb_left_negative_margin_none bt_bb_fill_background_color_full\" style=\"height:500px; overflow: hidden;\" data-bt-override-class=\"{&quot;bt_bb_align_&quot;:{&quot;current_class&quot;:&quot;bt_bb_align_inherit&quot;,&quot;def&quot;:&quot;inherit&quot;},&quot;bt_bb_content_display_&quot;:{&quot;current_class&quot;:&quot;bt_bb_content_display_always&quot;,&quot;def&quot;:&quot;always&quot;},&quot;bt_bb_top_negative_margin_&quot;:{&quot;current_class&quot;:&quot;bt_bb_top_negative_margin_none&quot;,&quot;def&quot;:&quot;none&quot;},&quot;bt_bb_bottom_negative_margin_&quot;:{&quot;current_class&quot;:&quot;bt_bb_bottom_negative_margin_none&quot;,&quot;def&quot;:&quot;none&quot;},&quot;bt_bb_right_negative_margin_&quot;:{&quot;current_class&quot;:&quot;bt_bb_right_negative_margin_none&quot;,&quot;def&quot;:&quot;none&quot;},&quot;bt_bb_left_negative_margin_&quot;:{&quot;current_class&quot;:&quot;bt_bb_left_negative_margin_none&quot;,&quot;def&quot;:&quot;none&quot;},&quot;bt_bb_animation_&quot;:{&quot;current_class&quot;:&quot;bt_bb_animation_no_animation&quot;,&quot;def&quot;:&quot;no_animation&quot;}}\"><span><img loading=\"lazy\" decoding=\"async\" width=\"982\" height=\"1374\" src=\"https:\/\/artibilgisayar.net\/dngtest\/wp-content\/uploads\/2026\/03\/Tu\u0308rkak-Akreditasyon-Sertifikasi-17020.png\" class=\"attachment-full size-full\" alt=\"https:\/\/artibilgisayar.net\/dngtest\/wp-content\/uploads\/2026\/03\/Tu\u0308rkak-Akreditasyon-Sertifikasi-17020.png\" data-full_image_src=\"https:\/\/artibilgisayar.net\/dngtest\/wp-content\/uploads\/2026\/03\/Tu\u0308rkak-Akreditasyon-Sertifikasi-17020.png\" title=\"Tu\u0308rkak Akreditasyon Sertifikas\u0131 (17020)\" srcset=\"https:\/\/artibilgisayar.net\/dngtest\/wp-content\/uploads\/2026\/03\/Tu\u0308rkak-Akreditasyon-Sertifikasi-17020.png 982w, https:\/\/artibilgisayar.net\/dngtest\/wp-content\/uploads\/2026\/03\/Tu\u0308rkak-Akreditasyon-Sertifikasi-17020-640x895.png 640w, https:\/\/artibilgisayar.net\/dngtest\/wp-content\/uploads\/2026\/03\/Tu\u0308rkak-Akreditasyon-Sertifikasi-17020-768x1075.png 768w, https:\/\/artibilgisayar.net\/dngtest\/wp-content\/uploads\/2026\/03\/Tu\u0308rkak-Akreditasyon-Sertifikasi-17020-320x448.png 320w\" sizes=\"auto, (max-width: 982px) 100vw, 982px\" \/><\/span><\/div><div data-bb-version=\"5.6.9\" class=\"bt_bb_separator bt_bb_border_style_none bt_bb_top_spacing_normal bt_bb_bottom_spacing_small\" data-bt-override-class=\"{&quot;bt_bb_top_spacing_&quot;:{&quot;current_class&quot;:&quot;bt_bb_top_spacing_normal&quot;,&quot;def&quot;:&quot;normal&quot;},&quot;bt_bb_bottom_spacing_&quot;:{&quot;current_class&quot;:&quot;bt_bb_bottom_spacing_small&quot;,&quot;def&quot;:&quot;small&quot;}}\"><\/div><div data-bb-version=\"5.5.7\"  class=\"bt_bb_text\" ><\/p>\n<h5>17020 Periyodik Kontroller<\/h5>\n<p>Belgenin orjinalini indirmek i\u00e7in <a href=\"https:\/\/artibilgisayar.net\/dngtest\/wp-content\/uploads\/2026\/03\/Tu\u0308rkak-Akreditasyon-Sertifikasi-17020.pdf\" target=\"_blank\" rel=\"noopener\">t\u0131klay\u0131n.<\/a><\/p>\n<p>\n<\/div><\/div><\/div><\/div><\/div><\/div><\/div><\/div><\/div><\/div><\/div><div class=\"bt_bb_row \"  data-bt-override-class=\"{}\"><div class=\"bt_bb_row_holder\" ><div  class=\"bt_bb_column col-xxl-12 col-xl-12 bt_bb_vertical_align_top bt_bb_align_left bt_bb_padding_normal bt_bb_animation_fade_in animate\" style=\"; --column-width:12;\" data-width=\"12\" data-bt-override-class=\"{}\"><div class=\"bt_bb_column_content\"><div class=\"bt_bb_column_content_inner\"><div data-bb-version=\"5.6.9\" class=\"bt_bb_separator bt_bb_border_style_solid bt_bb_top_spacing_normal bt_bb_bottom_spacing_small\" style=\"; border-width: 2px\" data-bt-override-class=\"{&quot;bt_bb_top_spacing_&quot;:{&quot;current_class&quot;:&quot;bt_bb_top_spacing_normal&quot;,&quot;def&quot;:&quot;normal&quot;},&quot;bt_bb_bottom_spacing_&quot;:{&quot;current_class&quot;:&quot;bt_bb_bottom_spacing_small&quot;,&quot;def&quot;:&quot;small&quot;}}\"><\/div><\/div><\/div><\/div><\/div><\/div><\/div><!-- cell_inner --><\/div><!-- cell --><\/div><!-- port --><\/section>\n","protected":false},"excerpt":{"rendered":"","protected":false},"author":1,"featured_media":0,"parent":0,"menu_order":0,"comment_status":"closed","ping_status":"closed","template":"","meta":{"footnotes":""},"class_list":["post-2328","page","type-page","status-publish","hentry"],"_links":{"self":[{"href":"https:\/\/artibilgisayar.net\/dngtest\/wp-json\/wp\/v2\/pages\/2328","targetHints":{"allow":["GET"]}}],"collection":[{"href":"https:\/\/artibilgisayar.net\/dngtest\/wp-json\/wp\/v2\/pages"}],"about":[{"href":"https:\/\/artibilgisayar.net\/dngtest\/wp-json\/wp\/v2\/types\/page"}],"author":[{"embeddable":true,"href":"https:\/\/artibilgisayar.net\/dngtest\/wp-json\/wp\/v2\/users\/1"}],"replies":[{"embeddable":true,"href":"https:\/\/artibilgisayar.net\/dngtest\/wp-json\/wp\/v2\/comments?post=2328"}],"version-history":[{"count":71,"href":"https:\/\/artibilgisayar.net\/dngtest\/wp-json\/wp\/v2\/pages\/2328\/revisions"}],"predecessor-version":[{"id":2993,"href":"https:\/\/artibilgisayar.net\/dngtest\/wp-json\/wp\/v2\/pages\/2328\/revisions\/2993"}],"wp:attachment":[{"href":"https:\/\/artibilgisayar.net\/dngtest\/wp-json\/wp\/v2\/media?parent=2328"}],"curies":[{"name":"wp","href":"https:\/\/api.w.org\/{rel}","templated":true}]}}