{"id":2312,"date":"2025-12-07T23:59:56","date_gmt":"2025-12-07T20:59:56","guid":{"rendered":"https:\/\/artibilgisayar.net\/dngtest\/?page_id=2312"},"modified":"2026-03-17T22:44:21","modified_gmt":"2026-03-17T19:44:21","slug":"gizlilik-politikasi","status":"publish","type":"page","link":"https:\/\/artibilgisayar.net\/dngtest\/gizlilik-politikasi\/","title":{"rendered":"Gizlilik Politikas\u0131"},"content":{"rendered":"<section id=\"bt_bb_section6a01dab31f5f4\" class=\"bt_bb_section bt_bb_layout_boxed_1200 bt_bb_vertical_align_top bt_bb_top_spacing_extra_large bt_bb_bottom_spacing_large\" style=\"background-position:center;background-size:contain;\" data-bt-override-class=\"null\"><div class=\"bt_bb_background_image_holder_wrapper\"><div class=\"bt_bb_background_image_holder btLazyLoadBackground\"  data-background_image_src=\"https:\/\/artibilgisayar.net\/dngtest\/wp-content\/uploads\/2019\/04\/bgn-industries.png\" data-parallax-zoom-start=\"1\" data-parallax-zoom-end=\"1\" data-parallax-blur-start=\"0\" data-parallax-blur-end=\"0\" data-parallax-opacity-start=\"1\" data-parallax-opacity-end=\"1\" style=\" background-image: url(&#039;https:\/\/artibilgisayar.net\/dngtest\/wp-content\/plugins\/bold-page-builder\/img\/blank.gif&#039;);\"><\/div><\/div><div class=\"bt_bb_port\"><div class=\"bt_bb_cell\"><div class=\"bt_bb_cell_inner\"><div class=\"bt_bb_row \"  data-bt-override-class=\"{}\"><div class=\"bt_bb_row_holder\" ><div  class=\"bt_bb_column col-xxl-6 col-xl-6 bt_bb_vertical_align_top bt_bb_align_left bt_bb_padding_normal bt_bb_animation_fade_in zoom_out animate\" style=\"; --column-width:6;\" data-width=\"6\" data-bt-override-class=\"{}\"><div class=\"bt_bb_column_content\"><div class=\"bt_bb_column_content_inner\"><div data-bb-version=\"5.5.6\" class=\"bt_bb_separator bt_bb_border_style_none bt_bb_top_spacing_medium bt_bb_bottom_spacing_normal bt_bb_hidden_md bt_bb_hidden_lg bt_bb_hidden_xl\" data-bt-override-class=\"{&quot;bt_bb_top_spacing_&quot;:{&quot;current_class&quot;:&quot;bt_bb_top_spacing_medium&quot;,&quot;def&quot;:&quot;medium&quot;},&quot;bt_bb_bottom_spacing_&quot;:{&quot;current_class&quot;:&quot;bt_bb_bottom_spacing_normal&quot;,&quot;def&quot;:&quot;normal&quot;}}\"><\/div><header data-bb-version=\"5.5.6\" class=\"bt_bb_headline bt_bb_dash_top bt_bb_superheadline bt_bb_superheadline_outside bt_bb_size_large bt_bb_align_inherit\" data-bt-override-class=\"{&quot;bt_bb_size_&quot;:{&quot;current_class&quot;:&quot;bt_bb_size_large&quot;,&quot;def&quot;:&quot;large&quot;},&quot;bt_bb_align_&quot;:{&quot;current_class&quot;:&quot;bt_bb_align_inherit&quot;,&quot;def&quot;:&quot;inherit&quot;},&quot;bt_bb_animation_&quot;:{&quot;current_class&quot;:&quot;bt_bb_animation_no_animation&quot;,&quot;def&quot;:&quot;no_animation&quot;}}\"><div class=\"bt_bb_headline_superheadline_outside\"><span class=\"bt_bb_headline_superheadline\">DNG Test \u00d6l\u00e7\u00fcm Analiz Laboratuvar Dan\u0131\u015fmanl\u0131k Hizmetleri <\/span><\/div><h2 class=\"bt_bb_headline_tag\"><span class=\"bt_bb_headline_content\"><span><u>Gizlilik <\/u><b>Politikas\u0131<\/b><\/span><\/span><\/h2><\/header><\/div><\/div><\/div><div  class=\"bt_bb_column col-xxl-6 col-xl-6 bt_bb_vertical_align_top bt_bb_align_left bt_bb_padding_normal bt_bb_animation_fade_in zoom_out animate\" style=\"; --column-width:6;\" data-width=\"6\" data-bt-override-class=\"{}\"><div class=\"bt_bb_column_content\"><div class=\"bt_bb_column_content_inner\"><div  class=\"bt_bb_text\" ><\/p>\n<blockquote>\n<p>Unutmay\u0131n\u0131z\u2026 \u015eirketimiz Dinamik yap\u0131s\u0131yla-Normatif \u00f6l\u00e7\u00fcm metotlar\u0131yla-G\u00fcvenilir \u00e7\u00f6z\u00fcme y\u00f6nelik de\u011ferlendirmeleriyle her zaman hizmete haz\u0131rd\u0131r&#8230;<\/p>\n<\/blockquote>\n<p>\n<\/div><\/div><\/div><\/div><\/div><\/div><div class=\"bt_bb_row \"  data-bt-override-class=\"{}\"><div class=\"bt_bb_row_holder\" ><div  class=\"bt_bb_column col-xxl-12 col-xl-12 bt_bb_vertical_align_top bt_bb_align_left bt_bb_padding_normal bt_bb_animation_fade_in animate\" style=\"; --column-width:12;\" data-width=\"12\" data-bt-override-class=\"{}\"><div class=\"bt_bb_column_content\"><div class=\"bt_bb_column_content_inner\"><div data-bb-version=\"5.5.6\" class=\"bt_bb_separator bt_bb_border_style_solid bt_bb_top_spacing_small bt_bb_bottom_spacing_medium\" style=\"; border-width: 2px\" data-bt-override-class=\"{&quot;bt_bb_top_spacing_&quot;:{&quot;current_class&quot;:&quot;bt_bb_top_spacing_small&quot;,&quot;def&quot;:&quot;small&quot;},&quot;bt_bb_bottom_spacing_&quot;:{&quot;current_class&quot;:&quot;bt_bb_bottom_spacing_medium&quot;,&quot;def&quot;:&quot;medium&quot;}}\"><\/div><\/div><\/div><\/div><\/div><\/div><div data-bb-version=\"5.5.6\" class=\"bt_bb_row bt_bb_row_push_left bt_bb_content_wide bt_bb_row_width_boxed_1400 bt_bb_row_width_boxed \"  data-bt-override-class=\"{}\"><div class=\"bt_bb_row_holder\" ><div  class=\"bt_bb_column col-xxl-12 col-xl-12 col-xs-12 col-sm-12 col-md-12 col-lg-12 bt_bb_vertical_align_top bt_bb_align_left bt_bb_padding_normal bt_bb_animation_fade_in zoom_out animate\" style=\"; --column-width:12;\" data-width=\"12\" data-bt-override-class=\"{}\"><div class=\"bt_bb_column_content\"><div class=\"bt_bb_column_content_inner\"><div class=\" bt_bb_row_inner\"   data-bt-override-class=\"{}\"><div class=\"bt_bb_row_inner_holder\"  ><div  class=\"bt_bb_column_inner col-xxl-6 col-xl-6 col-xs-12 col-sm-6 col-md-6 col-lg-6 bt_bb_vertical_align_top bt_bb_align_left bt_bb_padding_normal\"  data-width=\"6\" data-bt-override-class=\"{}\"><div class=\"bt_bb_column_inner_content\"><div class=\"bt_bb_column_inner_content_inner\"><div  class=\"bt_bb_text\" ><\/p>\n<p>Laboratuvar\u0131m\u0131z da \u00e7al\u0131\u015fan her personel Gizlilik Tarafs\u0131zl\u0131k Formu KSYFR01 imzalayarak m\u00fc\u015fteriye ait bilgilerinin 3. bir ki\u015fiye verilmemesini taahh\u00fct eder. \u00dcst Y\u00f6netim, \u00f6l\u00e7\u00fcm yap\u0131lan yada ileti\u015fime ge\u00e7ilen m\u00fc\u015fterilere ait gizli bilgilerin, rapor, test ve tescilli haklar\u0131n korunaca\u011f\u0131n\u0131, KSYFR19 \u00dcst Y\u00f6netim Gizlilik Tarafs\u0131zl\u0131k formunu imzalayarak bunlar\u0131n g\u00fcvence alt\u0131na al\u0131nd\u0131\u011f\u0131n\u0131 taahh\u00fct eder.<\/p>\n<p>Laboratuvar\u0131m\u0131z da, di\u011fer m\u00fc\u015fterilerimizin gizlili\u011finin korunmas\u0131 \u015fart\u0131 ile m\u00fc\u015fterilerimizle t\u00fcm i\u015fbirli\u011fi faaliyetleri yap\u0131l\u0131r.<\/p>\n<p>M\u00fc\u015fterilerimiz ve\/veya temsilcileri, laboratuvarda yap\u0131lan kendisine ait deneylere nezaret etmek istedi\u011fi taktirde, deneyin planlanan tarihi m\u00fc\u015fteriye ve\/veya m\u00fc\u015fteri temsilcisine bildirilir.<\/p>\n<p>M\u00fc\u015fteri ve\/veya temsilcisi deneyin yap\u0131ld\u0131\u011f\u0131 alana girmeden \u00f6nce Laboratuar M\u00fcd\u00fcr\u00fc veya g\u00f6revlendirdi\u011fi personel taraf\u0131ndan deneyi etkileyecek \u00e7evresel \u015fartlar ve laboratuvarda uyulmas\u0131 gereken kurallar konusunda bilgilendirilir.<\/p>\n<p>M\u00fc\u015fteriye yard\u0131mc\u0131 olmak ve di\u011fer deney ve bilgilerin g\u00fcvenli\u011fi i\u00e7in, m\u00fc\u015fteri laboratuvarda bulundu\u011fu s\u00fcre boyunca bir personel ona nezaret eder.<\/p>\n<p>M\u00fc\u015fterilerimizle iyi ileti\u015fimin s\u00fcrd\u00fcr\u00fclmesi, teknik konularda tavsiyelerde bulunulmas\u0131, gerekti\u011fi taktirde sonu\u00e7lar\u0131n m\u00fc\u015fteriye a\u00e7\u0131klanmas\u0131, \u00f6ncelikle Laboratuvar M\u00fcd\u00fcr\u00fc sorumlulu\u011fundad\u0131r.<\/p>\n<p>\n<\/div><div class=\"bt_bb_separator bt_bb_border_style_none bt_bb_bottom_spacing_normal bt_bb_hidden_md bt_bb_hidden_lg\" data-bt-override-class=\"null\"><\/div><\/div><\/div><\/div><div data-bb-version=\"5.6.9\"  class=\"bt_bb_column_inner col-xxl-6 col-xl-6 col-xs-12 col-sm-6 col-md-6 col-lg-6 bt_bb_vertical_align_top bt_bb_align_left bt_bb_padding_normal\"  data-width=\"6\" data-bt-override-class=\"{}\"><div class=\"bt_bb_column_inner_content\"><div class=\"bt_bb_column_inner_content_inner\"><div data-bb-version=\"5.6.9\" class=\"bt_bb_image bt_bb_shape_square bt_bb_target_self bt_bb_align_inherit bt_bb_hover_style_simple bt_bb_content_display_always bt_bb_content_align_middle bt_bb_top_negative_margin_none bt_bb_bottom_negative_margin_none bt_bb_right_negative_margin_none bt_bb_left_negative_margin_none bt_bb_fill_background_color_full\" data-bt-override-class=\"{&quot;bt_bb_align_&quot;:{&quot;current_class&quot;:&quot;bt_bb_align_inherit&quot;,&quot;def&quot;:&quot;inherit&quot;},&quot;bt_bb_content_display_&quot;:{&quot;current_class&quot;:&quot;bt_bb_content_display_always&quot;,&quot;def&quot;:&quot;always&quot;},&quot;bt_bb_top_negative_margin_&quot;:{&quot;current_class&quot;:&quot;bt_bb_top_negative_margin_none&quot;,&quot;def&quot;:&quot;none&quot;},&quot;bt_bb_bottom_negative_margin_&quot;:{&quot;current_class&quot;:&quot;bt_bb_bottom_negative_margin_none&quot;,&quot;def&quot;:&quot;none&quot;},&quot;bt_bb_right_negative_margin_&quot;:{&quot;current_class&quot;:&quot;bt_bb_right_negative_margin_none&quot;,&quot;def&quot;:&quot;none&quot;},&quot;bt_bb_left_negative_margin_&quot;:{&quot;current_class&quot;:&quot;bt_bb_left_negative_margin_none&quot;,&quot;def&quot;:&quot;none&quot;},&quot;bt_bb_animation_&quot;:{&quot;current_class&quot;:&quot;bt_bb_animation_no_animation&quot;,&quot;def&quot;:&quot;no_animation&quot;}}\"><span><img loading=\"lazy\" decoding=\"async\" width=\"1000\" height=\"822\" src=\"https:\/\/artibilgisayar.net\/dngtest\/wp-content\/uploads\/2026\/03\/102029.jpg\" class=\"attachment-full size-full\" alt=\"https:\/\/artibilgisayar.net\/dngtest\/wp-content\/uploads\/2026\/03\/102029.jpg\" data-full_image_src=\"https:\/\/artibilgisayar.net\/dngtest\/wp-content\/uploads\/2026\/03\/102029.jpg\" title=\"gizlilik-politikasi\" srcset=\"https:\/\/artibilgisayar.net\/dngtest\/wp-content\/uploads\/2026\/03\/102029.jpg 1000w, https:\/\/artibilgisayar.net\/dngtest\/wp-content\/uploads\/2026\/03\/102029-640x526.jpg 640w, https:\/\/artibilgisayar.net\/dngtest\/wp-content\/uploads\/2026\/03\/102029-768x631.jpg 768w, https:\/\/artibilgisayar.net\/dngtest\/wp-content\/uploads\/2026\/03\/102029-320x263.jpg 320w\" sizes=\"auto, (max-width: 1000px) 100vw, 1000px\" \/><\/span><\/div><\/div><\/div><\/div><\/div><\/div><div class=\" bt_bb_row_inner\"   data-bt-override-class=\"{}\"><div class=\"bt_bb_row_inner_holder\"  ><div  class=\"bt_bb_column_inner col-xxl-12 col-xl-12 col-xs-12 col-sm-12 col-md-12 col-lg-12 bt_bb_vertical_align_top bt_bb_align_left bt_bb_padding_normal\"  data-width=\"12\" data-bt-override-class=\"{}\"><div class=\"bt_bb_column_inner_content\"><div class=\"bt_bb_column_inner_content_inner\"><div  class=\"bt_bb_text\" ><\/p>\n<p>Herhangi bir uygunsuzluk durumunda Uygun Olmayan Hizmetin Kontrol\u00fc Prosed\u00fcr\u00fc PR02\u2019ne g\u00f6re i\u015flem yap\u0131larak m\u00fc\u015fteriye bilgi verilir.<\/p>\n<p>M\u00fc\u015fteri taraf\u0131ndan teklifin kabul edilmesi halinde m\u00fc\u015fteriye ait bilgilerin kamu kurum ve kurulu\u015flara verilmesini kabul etmi\u015f say\u0131l\u0131r. M\u00fc\u015fteri bilgilerinin kamu kurum ve kurulu\u015flar taraf\u0131ndan istenmesi durumunda NKKSFR05 \u00d6l\u00e7\u00fcm Teklif Formu \u2019nda belirtildi\u011fi \u00fczere yasal bir engel olmaz ise hangi bilgilerin verildi\u011finin m\u00fc\u015fteriye bilgilendirilmesi yap\u0131lacakt\u0131r. M\u00fc\u015fteri taraf\u0131ndan teklifin kabul edilmesi halinde bu bilgilerin kamu kurum ve kurulu\u015flara verilmesini kabul etmi\u015f say\u0131l\u0131r.<\/p>\n<p>\u00d6l\u00e7\u00fcm yap\u0131lacak firmaya haz\u0131rlanan NKKSFR05 \u00d6l\u00e7\u00fcm Teklif Formu m\u00fc\u015fteri taraf\u0131ndan teklifin kabul edilmesi halinde \u00f6l\u00e7\u00fcm sahas\u0131nda \u00f6l\u00e7\u00fcm metotlar\u0131ndan, y\u00f6ntemlerinden veya prosed\u00fcrlerden olu\u015fabilecek sapmalar sonucunda, yap\u0131lan i\u015f, Talep, Teklif ve S\u00f6zle\u015fme aras\u0131ndaki farkl\u0131l\u0131klar m\u00fc\u015fteri ile tam mutabakat sa\u011flanmadan \u00f6l\u00e7\u00fcm i\u015fi ger\u00e7ekle\u015ftirilmeyecektir. Sahada ger\u00e7ekle\u015fen t\u00fcm de\u011fi\u015fiklikler LMFR19 \u0130\u015f formu ile kay\u0131t alt\u0131na al\u0131nacakt\u0131r. Laboratuvar\u0131m\u0131z da y\u00f6ntem ve prosed\u00fcrlerden olu\u015fabilecek sapmalar i\u00e7in m\u00fc\u015fteri onay\u0131 al\u0131n\u0131r, m\u00fc\u015fteri ile tam mutabakat sa\u011fland\u0131ktan sonra \u00f6l\u00e7\u00fcme ba\u015flan\u0131r.<\/p>\n<p>Laboratuvar\u0131m\u0131z her i\u015f bitiminde m\u00fc\u015fteri temsilcisine geri bildirimlerin al\u0131nmas\u0131 i\u00e7in raporla birlikte KSYFR08 M\u00fc\u015fteri Anket Formunu g\u00f6nderir. Toplanan geri bildirimlerin de\u011ferlendirilmesi PR10 \u015eikayet Prosed\u00fcr\u00fcne g\u00f6re yap\u0131l\u0131r.<\/p>\n<p>Laboratuvar\u0131m\u0131z ile ayn\u0131 yetki ve belgeye sahip m\u00fc\u015fteriler d\u0131\u015f\u0131nda getirilen numunelerin raporu \u00e7\u0131kar\u0131l\u0131rken mevzuata ili\u015fkin resmi i\u015flerde kullan\u0131lamayaca\u011f\u0131 ve herhangi bir resmi kurum logosuna raporda yer verilmeyece\u011fi bilgisi m\u00fc\u015fteriye\u00a0verilir.<\/p>\n<p>\n<\/div><div class=\"bt_bb_separator bt_bb_border_style_none bt_bb_bottom_spacing_normal bt_bb_hidden_md bt_bb_hidden_lg\" data-bt-override-class=\"null\"><\/div><\/div><\/div><\/div><\/div><\/div><\/div><\/div><\/div><\/div><\/div><\/div><!-- cell_inner --><\/div><!-- cell --><\/div><!-- port --><\/section>\n","protected":false},"excerpt":{"rendered":"","protected":false},"author":1,"featured_media":0,"parent":0,"menu_order":0,"comment_status":"closed","ping_status":"closed","template":"","meta":{"footnotes":""},"class_list":["post-2312","page","type-page","status-publish","hentry"],"_links":{"self":[{"href":"https:\/\/artibilgisayar.net\/dngtest\/wp-json\/wp\/v2\/pages\/2312","targetHints":{"allow":["GET"]}}],"collection":[{"href":"https:\/\/artibilgisayar.net\/dngtest\/wp-json\/wp\/v2\/pages"}],"about":[{"href":"https:\/\/artibilgisayar.net\/dngtest\/wp-json\/wp\/v2\/types\/page"}],"author":[{"embeddable":true,"href":"https:\/\/artibilgisayar.net\/dngtest\/wp-json\/wp\/v2\/users\/1"}],"replies":[{"embeddable":true,"href":"https:\/\/artibilgisayar.net\/dngtest\/wp-json\/wp\/v2\/comments?post=2312"}],"version-history":[{"count":23,"href":"https:\/\/artibilgisayar.net\/dngtest\/wp-json\/wp\/v2\/pages\/2312\/revisions"}],"predecessor-version":[{"id":2911,"href":"https:\/\/artibilgisayar.net\/dngtest\/wp-json\/wp\/v2\/pages\/2312\/revisions\/2911"}],"wp:attachment":[{"href":"https:\/\/artibilgisayar.net\/dngtest\/wp-json\/wp\/v2\/media?parent=2312"}],"curies":[{"name":"wp","href":"https:\/\/api.w.org\/{rel}","templated":true}]}}