{"id":158,"date":"2019-04-01T08:56:43","date_gmt":"2019-04-01T08:56:43","guid":{"rendered":"http:\/\/avantage.bold-themes.com\/marketing\/?page_id=158"},"modified":"2026-03-17T22:25:10","modified_gmt":"2026-03-17T19:25:10","slug":"imisyon-olcumleri","status":"publish","type":"page","link":"https:\/\/artibilgisayar.net\/dngtest\/imisyon-olcumleri\/","title":{"rendered":"\u0130misyon \u00d6l\u00e7\u00fcmleri"},"content":{"rendered":"<section id=\"bt_bb_section6a01cbcd136d7\" class=\"bt_bb_section bt_bb_layout_boxed_1200 bt_bb_vertical_align_top bt_bb_top_spacing_extra_large bt_bb_bottom_spacing_large\" style=\"background-position:center;background-size:contain;\" data-bt-override-class=\"null\"><div class=\"bt_bb_background_image_holder_wrapper\"><div class=\"bt_bb_background_image_holder btLazyLoadBackground\"  data-background_image_src=\"https:\/\/artibilgisayar.net\/dngtest\/wp-content\/uploads\/2019\/04\/bgn-industries.png\" data-parallax-zoom-start=\"1\" data-parallax-zoom-end=\"1\" data-parallax-blur-start=\"0\" data-parallax-blur-end=\"0\" data-parallax-opacity-start=\"1\" data-parallax-opacity-end=\"1\" style=\" background-image: url(&#039;https:\/\/artibilgisayar.net\/dngtest\/wp-content\/plugins\/bold-page-builder\/img\/blank.gif&#039;);\"><\/div><\/div><div class=\"bt_bb_port\"><div class=\"bt_bb_cell\"><div class=\"bt_bb_cell_inner\"><div data-bb-version=\"5.6.9\" class=\"bt_bb_row \"  data-bt-override-class=\"{}\"><div class=\"bt_bb_row_holder\" ><div data-bb-version=\"5.6.9\"  class=\"bt_bb_column col-xxl-12 col-xl-12 col-xs-12 col-sm-12 col-md-12 col-lg-12 bt_bb_vertical_align_top bt_bb_align_left bt_bb_padding_normal\" style=\"; --column-width:12;\" data-width=\"12\" data-bt-override-class=\"{}\"><div class=\"bt_bb_column_content\"><div class=\"bt_bb_column_content_inner\"><header data-bb-version=\"5.6.9\" class=\"bt_bb_headline bt_bb_dash_top bt_bb_superheadline bt_bb_superheadline_outside bt_bb_size_large bt_bb_align_inherit\" data-bt-override-class=\"{&quot;bt_bb_size_&quot;:{&quot;current_class&quot;:&quot;bt_bb_size_large&quot;,&quot;def&quot;:&quot;large&quot;},&quot;bt_bb_align_&quot;:{&quot;current_class&quot;:&quot;bt_bb_align_inherit&quot;,&quot;def&quot;:&quot;inherit&quot;},&quot;bt_bb_animation_&quot;:{&quot;current_class&quot;:&quot;bt_bb_animation_no_animation&quot;,&quot;def&quot;:&quot;no_animation&quot;}}\"><div class=\"bt_bb_headline_superheadline_outside\"><span class=\"bt_bb_headline_superheadline\">H\u0130ZMETLER\u0130M\u0130Z<\/span><\/div><h2 class=\"bt_bb_headline_tag\"><span class=\"bt_bb_headline_content\"><span><u>\u0130misyon <\/u><b>\u00d6l\u00e7\u00fcmleri<\/b><\/span><\/span><\/h2><\/header><\/div><\/div><\/div><\/div><\/div><div class=\"bt_bb_row \"  data-bt-override-class=\"{}\"><div class=\"bt_bb_row_holder\" ><div  class=\"bt_bb_column col-xxl-6 col-xl-6 col-xs-12 col-sm-6 col-md-6 col-lg-6 bt_bb_vertical_align_top bt_bb_align_left bt_bb_padding_normal bt_bb_animation_fade_in zoom_out animate\" style=\"; --column-width:6;\" data-width=\"6\" data-bt-override-class=\"{}\"><div class=\"bt_bb_column_content\"><div class=\"bt_bb_column_content_inner\"><header data-bb-version=\"5.6.9\" class=\"bt_bb_headline bt_bb_dash_top bt_bb_subheadline bt_bb_size_large bt_bb_align_inherit\" data-bt-override-class=\"{&quot;bt_bb_size_&quot;:{&quot;current_class&quot;:&quot;bt_bb_size_large&quot;,&quot;def&quot;:&quot;large&quot;},&quot;bt_bb_align_&quot;:{&quot;current_class&quot;:&quot;bt_bb_align_inherit&quot;,&quot;def&quot;:&quot;inherit&quot;},&quot;bt_bb_animation_&quot;:{&quot;current_class&quot;:&quot;bt_bb_animation_no_animation&quot;,&quot;def&quot;:&quot;no_animation&quot;}}\"><div class=\"bt_bb_headline_subheadline\">\u0130misyon atmosferde bulunan, \u00f6l\u00e7\u00fclen veya teneff\u00fcs edilen t\u00fcm gaz ve partik\u00fcllere denir. Kentsel alanlarda, d\u0131\u015f ortam havas\u0131nda bulunan temel hava kirleticileri; karbonmonoksit (CO), ozon (O3), azot oksitleri (N0x), k\u00fck\u00fcrt dioksit (SO2), as\u0131l\u0131 partik\u00fcler maddeler (APM) ve kur\u015fun (Pb) dur. Ayr\u0131ca polisiklik aromatik hidrokarbonlar (PAH) ve asit aerosolleri gibi hava toksinlerine de gittik\u00e7e artan d\u00fczeyde \u00f6nem verilmektedir. Buna ba\u011fl\u0131 olarak, insan maruziyeti d\u00fc\u015f\u00fcn\u00fcld\u00fc\u011f\u00fcnde, i\u00e7 ortam hava kirleticilerinin katk\u0131s\u0131n\u0131 da dikkate almak gerekir.<\/p><br \/>\n<p>\u00c7evre Kanununca Al\u0131nmas\u0131 Gereken \u0130zin Ve Lisanslar Hakk\u0131nda Y\u00f6netmelik kapsam\u0131nda yer alan i\u015fletmeler  \u2018 Sanayi Kaynakl\u0131 Hava Kirlili\u011finin Kontrol\u00fc Y\u00f6netmeli\u011fi \u2019ne g\u00f6re \u00c7evre Kanununca Al\u0131nmas\u0131 Gereken \u0130zin ve Lisanslar Hakk\u0131nda Y\u00f6netmeli\u011fe g\u00f6re \u00e7evre iznine ve lisans\u0131na tabi i\u015fletmelere iznin verildi\u011fi s\u0131rada \u00f6ng\u00f6r\u00fclen verilerden herhangi bir sapma olup olmad\u0131\u011f\u0131n\u0131 ve tesiste ger\u00e7ekle\u015ftirilen iyile\u015ftirmeleri her iki y\u0131lda bir, rapor etmek zorundad\u0131r. Bu rapor ve bu raporda yer alacak \u00f6l\u00e7\u00fcmler Bakanl\u0131k\u00e7a imisyon \u00f6l\u00e7\u00fcm\u00fc yapma konusunda yetki verilen kurum veya kurulu\u015flara yapt\u0131r\u0131lmal\u0131d\u0131r.<\/div><\/header><div class=\"bt_bb_separator bt_bb_border_style_none bt_bb_bottom_spacing_normal bt_bb_hidden_md bt_bb_hidden_lg\" data-bt-override-class=\"null\"><\/div><\/div><\/div><\/div><div data-bb-version=\"5.6.9\"  class=\"bt_bb_column col-xxl-6 col-xl-6 col-xs-12 col-sm-6 col-md-6 col-lg-6 bt_bb_vertical_align_top bt_bb_align_left bt_bb_padding_normal\" style=\"; --column-width:6;\" data-width=\"6\" data-bt-override-class=\"{}\"><div class=\"bt_bb_column_content\"><div class=\"bt_bb_column_content_inner\"><div data-bb-version=\"5.6.9\" class=\"bt_bb_separator bt_bb_border_style_none bt_bb_top_spacing_normal bt_bb_bottom_spacing_none\" data-bt-override-class=\"{&quot;bt_bb_top_spacing_&quot;:{&quot;current_class&quot;:&quot;bt_bb_top_spacing_normal&quot;,&quot;def&quot;:&quot;normal&quot;},&quot;bt_bb_bottom_spacing_&quot;:{&quot;current_class&quot;:&quot;bt_bb_bottom_spacing_none&quot;,&quot;def&quot;:&quot;none&quot;}}\"><\/div><div data-bb-version=\"5.6.9\" class=\"bt_bb_image bt_bb_shape_square bt_bb_target_self bt_bb_align_inherit bt_bb_hover_style_simple bt_bb_content_display_always bt_bb_content_align_middle bt_bb_top_negative_margin_none bt_bb_bottom_negative_margin_none bt_bb_right_negative_margin_none bt_bb_left_negative_margin_none bt_bb_fill_background_color_full\" data-bt-override-class=\"{&quot;bt_bb_align_&quot;:{&quot;current_class&quot;:&quot;bt_bb_align_inherit&quot;,&quot;def&quot;:&quot;inherit&quot;},&quot;bt_bb_content_display_&quot;:{&quot;current_class&quot;:&quot;bt_bb_content_display_always&quot;,&quot;def&quot;:&quot;always&quot;},&quot;bt_bb_top_negative_margin_&quot;:{&quot;current_class&quot;:&quot;bt_bb_top_negative_margin_none&quot;,&quot;def&quot;:&quot;none&quot;},&quot;bt_bb_bottom_negative_margin_&quot;:{&quot;current_class&quot;:&quot;bt_bb_bottom_negative_margin_none&quot;,&quot;def&quot;:&quot;none&quot;},&quot;bt_bb_right_negative_margin_&quot;:{&quot;current_class&quot;:&quot;bt_bb_right_negative_margin_none&quot;,&quot;def&quot;:&quot;none&quot;},&quot;bt_bb_left_negative_margin_&quot;:{&quot;current_class&quot;:&quot;bt_bb_left_negative_margin_none&quot;,&quot;def&quot;:&quot;none&quot;},&quot;bt_bb_animation_&quot;:{&quot;current_class&quot;:&quot;bt_bb_animation_no_animation&quot;,&quot;def&quot;:&quot;no_animation&quot;}}\"><span><img loading=\"lazy\" decoding=\"async\" width=\"1232\" height=\"822\" src=\"https:\/\/artibilgisayar.net\/dngtest\/wp-content\/uploads\/2026\/03\/imisyon.jpg\" class=\"attachment-full size-full\" alt=\"Gerald Anderson instruments in in his shop in Troutdale, Virginia on March 23rd, 2015\n\n\u00a9 Cameron Davidson 2016\" data-full_image_src=\"https:\/\/artibilgisayar.net\/dngtest\/wp-content\/uploads\/2026\/03\/imisyon.jpg\" title=\"Gerald Anderson\" srcset=\"https:\/\/artibilgisayar.net\/dngtest\/wp-content\/uploads\/2026\/03\/imisyon.jpg 1232w, https:\/\/artibilgisayar.net\/dngtest\/wp-content\/uploads\/2026\/03\/imisyon-640x427.jpg 640w, https:\/\/artibilgisayar.net\/dngtest\/wp-content\/uploads\/2026\/03\/imisyon-768x512.jpg 768w, https:\/\/artibilgisayar.net\/dngtest\/wp-content\/uploads\/2026\/03\/imisyon-320x214.jpg 320w\" sizes=\"auto, (max-width: 1232px) 100vw, 1232px\" \/><\/span><\/div><div data-bb-version=\"5.6.9\" class=\"bt_bb_separator bt_bb_border_style_none bt_bb_top_spacing_normal bt_bb_bottom_spacing_normal\" data-bt-override-class=\"{&quot;bt_bb_top_spacing_&quot;:{&quot;current_class&quot;:&quot;bt_bb_top_spacing_normal&quot;,&quot;def&quot;:&quot;normal&quot;},&quot;bt_bb_bottom_spacing_&quot;:{&quot;current_class&quot;:&quot;bt_bb_bottom_spacing_normal&quot;,&quot;def&quot;:&quot;normal&quot;}}\"><\/div><div data-bb-version=\"5.5.7\"  class=\"bt_bb_text\" ><\/p>\n<h6><strong>Bu kapsamda DNG test \u00f6l\u00e7\u00fcm ve analiz laboratuvar\u0131 olarak;<\/strong><\/h6>\n<ul>\n<li>\u0130misyon (Hava Kalitesi) \u00d6l\u00e7\u00fcm\u00fc<\/li>\n<li>Havada As\u0131l\u0131 Partik\u00fcl Madde (Toz) Tayini (PM10)<\/li>\n<li>\u00c7\u00f6ken Toz \u00d6l\u00e7\u00fcm\u00fc ve Analizi<\/li>\n<li>Hava kalitesi modellemesi kapsam\u0131m\u0131zda yap\u0131lmaktad\u0131r.<\/li>\n<\/ul>\n<p>\n<\/div><\/div><\/div><\/div><\/div><\/div><\/div><!-- cell_inner --><\/div><!-- cell --><\/div><!-- port --><\/section>\n","protected":false},"excerpt":{"rendered":"","protected":false},"author":2,"featured_media":0,"parent":0,"menu_order":0,"comment_status":"closed","ping_status":"closed","template":"","meta":{"footnotes":""},"class_list":["post-158","page","type-page","status-publish","hentry"],"_links":{"self":[{"href":"https:\/\/artibilgisayar.net\/dngtest\/wp-json\/wp\/v2\/pages\/158","targetHints":{"allow":["GET"]}}],"collection":[{"href":"https:\/\/artibilgisayar.net\/dngtest\/wp-json\/wp\/v2\/pages"}],"about":[{"href":"https:\/\/artibilgisayar.net\/dngtest\/wp-json\/wp\/v2\/types\/page"}],"author":[{"embeddable":true,"href":"https:\/\/artibilgisayar.net\/dngtest\/wp-json\/wp\/v2\/users\/2"}],"replies":[{"embeddable":true,"href":"https:\/\/artibilgisayar.net\/dngtest\/wp-json\/wp\/v2\/comments?post=158"}],"version-history":[{"count":19,"href":"https:\/\/artibilgisayar.net\/dngtest\/wp-json\/wp\/v2\/pages\/158\/revisions"}],"predecessor-version":[{"id":2895,"href":"https:\/\/artibilgisayar.net\/dngtest\/wp-json\/wp\/v2\/pages\/158\/revisions\/2895"}],"wp:attachment":[{"href":"https:\/\/artibilgisayar.net\/dngtest\/wp-json\/wp\/v2\/media?parent=158"}],"curies":[{"name":"wp","href":"https:\/\/api.w.org\/{rel}","templated":true}]}}