{"id":156,"date":"2019-04-01T08:56:39","date_gmt":"2019-04-01T08:56:39","guid":{"rendered":"http:\/\/avantage.bold-themes.com\/marketing\/?page_id=156"},"modified":"2026-03-17T18:26:08","modified_gmt":"2026-03-17T15:26:08","slug":"isg-olcumleri","status":"publish","type":"page","link":"https:\/\/artibilgisayar.net\/dngtest\/isg-olcumleri\/","title":{"rendered":"\u0130SG \u00d6l\u00e7\u00fcmleri"},"content":{"rendered":"<section id=\"bt_bb_section6a01cbcc9016d\" class=\"bt_bb_section bt_bb_layout_boxed_1200 bt_bb_vertical_align_top bt_bb_top_spacing_large bt_bb_bottom_spacing_large\"  data-bt-override-class=\"null\"><div class=\"bt_bb_background_image_holder_wrapper\"><div class=\"bt_bb_background_image_holder btLazyLoadBackground\"  data-background_image_src=\"https:\/\/artibilgisayar.net\/dngtest\/wp-content\/uploads\/2019\/04\/bgn-passion.jpg\" data-parallax-zoom-start=\"1\" data-parallax-zoom-end=\"1\" data-parallax-blur-start=\"0\" data-parallax-blur-end=\"0\" data-parallax-opacity-start=\"1\" data-parallax-opacity-end=\"1\" style=\" background-image: url(&#039;https:\/\/artibilgisayar.net\/dngtest\/wp-content\/plugins\/bold-page-builder\/img\/blank.gif&#039;);\"><\/div><\/div><div class=\"bt_bb_port\"><div class=\"bt_bb_cell\"><div class=\"bt_bb_cell_inner\"><div class=\"bt_bb_row \"  data-bt-override-class=\"{}\"><div class=\"bt_bb_row_holder\" ><div  class=\"bt_bb_column col-xxl-12 col-xl-12 col-xs-12 col-sm-12 col-md-12 col-lg-12 bt_bb_vertical_align_top bt_bb_align_left bt_bb_padding_normal bt_bb_animation_fade_in zoom_out animate\" style=\"; --column-width:12;\" data-width=\"12\" data-bt-override-class=\"{}\"><div class=\"bt_bb_column_content\"><div class=\"bt_bb_column_content_inner\"><div data-bb-version=\"5.5.7\" class=\"bt_bb_separator bt_bb_border_style_none bt_bb_top_spacing_normal bt_bb_bottom_spacing_normal\" data-bt-override-class=\"{&quot;bt_bb_top_spacing_&quot;:{&quot;current_class&quot;:&quot;bt_bb_top_spacing_normal&quot;,&quot;def&quot;:&quot;normal&quot;},&quot;bt_bb_bottom_spacing_&quot;:{&quot;current_class&quot;:&quot;bt_bb_bottom_spacing_normal&quot;,&quot;def&quot;:&quot;normal&quot;}}\"><\/div><header data-bb-version=\"5.6.7\" class=\"bt_bb_headline bt_bb_dash_top bt_bb_superheadline bt_bb_superheadline_outside bt_bb_subheadline bt_bb_size_large bt_bb_align_inherit\" data-bt-override-class=\"{&quot;bt_bb_size_&quot;:{&quot;current_class&quot;:&quot;bt_bb_size_large&quot;,&quot;def&quot;:&quot;large&quot;},&quot;bt_bb_align_&quot;:{&quot;current_class&quot;:&quot;bt_bb_align_inherit&quot;,&quot;def&quot;:&quot;inherit&quot;},&quot;bt_bb_animation_&quot;:{&quot;current_class&quot;:&quot;bt_bb_animation_no_animation&quot;,&quot;def&quot;:&quot;no_animation&quot;}}\"><div class=\"bt_bb_headline_superheadline_outside\"><span class=\"bt_bb_headline_superheadline\">H\u0130ZMETLER\u0130M\u0130Z<\/span><\/div><h2 class=\"bt_bb_headline_tag\"><span class=\"bt_bb_headline_content\"><span><u>\u0130SG (\u0130\u015e H\u0130JYEN\u0130) <\/u><b>\u00d6L\u00c7\u00dcMLER\u0130<\/b><\/span><\/span><\/h2><div class=\"bt_bb_headline_subheadline\">Dng Test \u00f6l\u00e7\u00fcm ve analiz lab. ISO\/IEC 17025 standard\u0131na uygun olarak kurulmu\u015f kalite y\u00f6netim sistemi, uygun metot, cihaz ve uzman teknik kadrosu ile \u00fcst y\u00f6netimden en alt kademedeki \u00e7al\u0131\u015fan\u0131na kadar ayn\u0131 bilin\u00e7 ve ayn\u0131 ama\u00e7la bezenmi\u015f, \u00e7a\u011fda\u015f y\u00f6netim ilkelerini benimsemi\u015f, ta\u015f\u0131d\u0131\u011f\u0131 b\u00fcy\u00fck sorumlulu\u011fun bilincinde ve s\u00fcrekli geli\u015fme \u00e7abas\u0131 i\u00e7inde hedeflerine ula\u015fmak i\u00e7in \u00e7al\u0131\u015fmaktad\u0131r.<\/div><\/header><div class=\"bt_bb_separator bt_bb_border_style_none bt_bb_bottom_spacing_normal bt_bb_hidden_md bt_bb_hidden_lg\" data-bt-override-class=\"null\"><\/div><\/div><\/div><\/div><\/div><\/div><div class=\"bt_bb_row \"  data-bt-override-class=\"{}\"><div class=\"bt_bb_row_holder\" ><div  class=\"bt_bb_column col-xxl-12 col-xl-12 bt_bb_vertical_align_top bt_bb_align_left bt_bb_padding_normal bt_bb_animation_fade_in animate\" style=\"; --column-width:12;\" data-width=\"12\" data-bt-override-class=\"{}\"><div class=\"bt_bb_column_content\"><div class=\"bt_bb_column_content_inner\"><div data-bb-version=\"5.6.9\" class=\"bt_bb_separator bt_bb_border_style_solid bt_bb_top_spacing_small bt_bb_bottom_spacing_normal\" style=\"; border-width: 2px\" data-bt-override-class=\"{&quot;bt_bb_top_spacing_&quot;:{&quot;current_class&quot;:&quot;bt_bb_top_spacing_small&quot;,&quot;def&quot;:&quot;small&quot;},&quot;bt_bb_bottom_spacing_&quot;:{&quot;current_class&quot;:&quot;bt_bb_bottom_spacing_normal&quot;,&quot;def&quot;:&quot;normal&quot;}}\"><\/div><div data-bb-version=\"5.5.7\"  class=\"bt_bb_text\" ><\/p>\n<h6>Bu \u00e7er\u00e7evede;\u00a0<strong>\u0130\u00e7 ortam \u0130SG (\u0130\u015f Hijyeni) \u00f6l\u00e7\u00fcmleri kapsam\u0131nda;<\/strong><\/h6>\n<p>\n<\/div><div class=\" bt_bb_row_inner\"   data-bt-override-class=\"{}\"><div class=\"bt_bb_row_inner_holder\"  ><div  class=\"bt_bb_column_inner col-xxl-6 col-xl-6 bt_bb_vertical_align_top bt_bb_align_left bt_bb_padding_normal bt_bb_animation_fade_in zoom_out animate\"  data-width=\"6\" data-bt-override-class=\"{}\"><div class=\"bt_bb_column_inner_content\"><div class=\"bt_bb_column_inner_content_inner\"><div  class=\"bt_bb_text\" ><\/p>\n<ul>\n<li>Ki\u015fisel G\u00fcr\u00fclt\u00fc Maruziyet \u00f6l\u00e7\u00fcmleri<\/li>\n<li>Tesis \u0130\u00e7i G\u00fcr\u00fclt\u00fc \u00d6l\u00e7\u00fcmleri ve Tesis \u0130\u00e7i G\u00fcr\u00fclt\u00fc Haritaland\u0131rmas\u0131<\/li>\n<li>Ki\u015fisel Maruziyet Toz \u00d6l\u00e7\u00fcmleri (Solunabilir ve Toplam Toz \u00d6l\u00e7\u00fcmleri)<\/li>\n<li>Ortam Toz \u00d6l\u00e7\u00fcmleri (Toplam Toz \u00d6l\u00e7\u00fcmleri)<\/li>\n<li>Ki\u015fisel Maruziyet VOC(U\u00e7ucu Organik Bile\u015fikler) \u00d6l\u00e7\u00fcmleri<\/li>\n<li>Ortam VOC \u00f6l\u00e7\u00fcmleri<\/li>\n<li>T\u00fcm V\u00fccut Titre\u015fim Maruziyet \u00d6l\u00e7\u00fcmleri<\/li>\n<li>Renk Kar\u015f\u0131la\u015ft\u0131rma Metodu ile Gaz ve Buhar Konsantrasyonu<\/li>\n<li style=\"list-style-type: none;\">\u00a0<\/li>\n<\/ul>\n<p>\n<\/div><\/div><\/div><\/div><div  class=\"bt_bb_column_inner col-xxl-6 col-xl-6 bt_bb_vertical_align_top bt_bb_align_left bt_bb_padding_normal bt_bb_animation_fade_in zoom_out animate\"  data-width=\"6\" data-bt-override-class=\"{}\"><div class=\"bt_bb_column_inner_content\"><div class=\"bt_bb_column_inner_content_inner\"><div  class=\"bt_bb_text\" ><\/p>\n<ul>\n<li>\u0130\u015fyeri Ortam\u0131 Havadaki A\u011f\u0131r Metal \u00d6l\u00e7\u00fcm\u00fc<\/li>\n<li>Ayd\u0131nlatma \u00d6l\u00e7\u00fcmleri<\/li>\n<li>Termal Konfor \u00d6l\u00e7\u00fcmler(WBGT \u0130ndeksine G\u00f6re Is\u0131n\u0131n \u00c7al\u0131\u015fan \u00dczerindeki Bask\u0131s\u0131n\u0131n Tahmini) yapmaktay\u0131z.<\/li>\n<li>El-Kol Titre\u015fim Maruziyet \u00d6l\u00e7\u00fcmleri<\/li>\n<li><strong>*<\/strong> Elektromanyetik \u00d6l\u00e7\u00fcmleri<\/li>\n<li>Amonyak Tayini<\/li>\n<li>Formaldehit Tayini<\/li>\n<\/ul>\n<p>\n<\/div><\/div><\/div><\/div><\/div><\/div><\/div><\/div><\/div><\/div><\/div><div class=\"bt_bb_row \"  data-bt-override-class=\"{}\"><div class=\"bt_bb_row_holder\" ><div  class=\"bt_bb_column col-xxl-8 col-xl-8 bt_bb_vertical_align_top bt_bb_align_left bt_bb_padding_normal\" style=\"; --column-width:8;\" data-width=\"8\" data-bt-override-class=\"{}\"><div class=\"bt_bb_column_content\"><div class=\"bt_bb_column_content_inner\"><div data-bb-version=\"5.6.9\" class=\"bt_bb_image bt_bb_shape_square bt_bb_target_self bt_bb_align_inherit bt_bb_hover_style_simple bt_bb_content_display_always bt_bb_content_align_middle bt_bb_top_negative_margin_none bt_bb_bottom_negative_margin_none bt_bb_right_negative_margin_none bt_bb_left_negative_margin_none bt_bb_fill_background_color_full\" data-bt-override-class=\"{&quot;bt_bb_align_&quot;:{&quot;current_class&quot;:&quot;bt_bb_align_inherit&quot;,&quot;def&quot;:&quot;inherit&quot;},&quot;bt_bb_content_display_&quot;:{&quot;current_class&quot;:&quot;bt_bb_content_display_always&quot;,&quot;def&quot;:&quot;always&quot;},&quot;bt_bb_top_negative_margin_&quot;:{&quot;current_class&quot;:&quot;bt_bb_top_negative_margin_none&quot;,&quot;def&quot;:&quot;none&quot;},&quot;bt_bb_bottom_negative_margin_&quot;:{&quot;current_class&quot;:&quot;bt_bb_bottom_negative_margin_none&quot;,&quot;def&quot;:&quot;none&quot;},&quot;bt_bb_right_negative_margin_&quot;:{&quot;current_class&quot;:&quot;bt_bb_right_negative_margin_none&quot;,&quot;def&quot;:&quot;none&quot;},&quot;bt_bb_left_negative_margin_&quot;:{&quot;current_class&quot;:&quot;bt_bb_left_negative_margin_none&quot;,&quot;def&quot;:&quot;none&quot;},&quot;bt_bb_animation_&quot;:{&quot;current_class&quot;:&quot;bt_bb_animation_no_animation&quot;,&quot;def&quot;:&quot;no_animation&quot;}}\"><span><img loading=\"lazy\" decoding=\"async\" width=\"1080\" height=\"640\" src=\"https:\/\/artibilgisayar.net\/dngtest\/wp-content\/uploads\/2026\/03\/isg-olcum-1080x640.jpg\" class=\"attachment-boldthemes_large_rectangle size-boldthemes_large_rectangle\" alt=\"https:\/\/artibilgisayar.net\/dngtest\/wp-content\/uploads\/2026\/03\/isg-olcum-1080x640.jpg\" data-full_image_src=\"https:\/\/artibilgisayar.net\/dngtest\/wp-content\/uploads\/2026\/03\/isg-olcum.jpg\" title=\"isg-olcum\" \/><\/span><\/div><\/div><\/div><\/div><div  class=\"bt_bb_column col-xxl-4 col-xl-4 bt_bb_vertical_align_top bt_bb_align_left bt_bb_padding_normal bt_bb_animation_fade_in zoom_out animate\" style=\"; --column-width:4;\" data-width=\"4\" data-bt-override-class=\"{}\"><div class=\"bt_bb_column_content\"><div class=\"bt_bb_column_content_inner\"><div  class=\"bt_bb_text\" ><\/p>\n<p><strong>6331 Say\u0131l\u0131 \u0130\u015f Sa\u011fl\u0131\u011f\u0131 ve G\u00fcvenli\u011fi Kanunu kapsam\u0131nda i\u015fletmeler, i\u015f sa\u011fl\u0131\u011f\u0131 ve g\u00fcvenli\u011fi hizmetlerinin y\u00fcr\u00fct\u00fclmesi i\u00e7in; i\u015f g\u00fcvenli\u011fi uzman\u0131, i\u015fyeri hekimi istihdam\u0131ndan, \u00e7al\u0131\u015fanlar\u0131n sa\u011fl\u0131k g\u00f6zetimi, \u00e7al\u0131\u015fanlar\u0131n e\u011fitiminden, kaza \u00f6nleme politikalar\u0131ndan, risk analizi, ortam \u00f6l\u00e7\u00fcmleri \u00a0ve acil durum planlamalar\u0131n\u0131n haz\u0131rlanmas\u0131na kadar bir\u00e7ok konuda y\u00fck\u00fcml\u00fcl\u00fck getirilmi\u015f, i\u015fletmelerde bulunan sa\u011fl\u0131k g\u00fcvenlik tehlike ve risklerinin giderilip giderilmedi\u011fi \u00c7al\u0131\u015fma Bakanl\u0131\u011f\u0131\u2019na ba\u011fl\u0131 i\u015f m\u00fcfetti\u015flerince yap\u0131lan denetimlerde belirlenerek a\u011f\u0131r cezai yapt\u0131r\u0131mlar uygulanmaktad\u0131r.\u00a0<\/strong><\/p>\n<p><strong>DNG olarak\u00a0<\/strong>\u00e7al\u0131\u015fma ortam\u0131n\u0131zdaki ko\u015fullar\u0131n tan\u0131mlanmas\u0131 \u00e7al\u0131\u015fanlar\u0131 korumak ve g\u00fcvenli \u00e7al\u0131\u015fma ortam\u0131 sa\u011flamak amac\u0131yla, \u00e7al\u0131\u015fma ortam\u0131ndaki ki\u015fisel maruziyetlere veya \u00e7al\u0131\u015fma ortam\u0131na y\u00f6nelik fiziksel, kimyasal ve biyolojik etkenlerle ilgili \u00f6l\u00e7\u00fcm ve analizlerini NIOSH, OSHA, ASTM, TSE standartlar\u0131 kapsam\u0131nda yasal mevzuata uygunluk \u00e7al\u0131\u015fmalar\u0131n\u0131z s\u00fcrecinde kolayla\u015ft\u0131rmaktan mutluluk duyacakt\u0131r.<\/p>\n<p>\n<\/div><\/div><\/div><\/div><\/div><\/div><\/div><!-- cell_inner --><\/div><!-- cell --><\/div><!-- port --><\/section>\n","protected":false},"excerpt":{"rendered":"","protected":false},"author":2,"featured_media":0,"parent":0,"menu_order":0,"comment_status":"closed","ping_status":"closed","template":"","meta":{"footnotes":""},"class_list":["post-156","page","type-page","status-publish","hentry"],"_links":{"self":[{"href":"https:\/\/artibilgisayar.net\/dngtest\/wp-json\/wp\/v2\/pages\/156","targetHints":{"allow":["GET"]}}],"collection":[{"href":"https:\/\/artibilgisayar.net\/dngtest\/wp-json\/wp\/v2\/pages"}],"about":[{"href":"https:\/\/artibilgisayar.net\/dngtest\/wp-json\/wp\/v2\/types\/page"}],"author":[{"embeddable":true,"href":"https:\/\/artibilgisayar.net\/dngtest\/wp-json\/wp\/v2\/users\/2"}],"replies":[{"embeddable":true,"href":"https:\/\/artibilgisayar.net\/dngtest\/wp-json\/wp\/v2\/comments?post=156"}],"version-history":[{"count":31,"href":"https:\/\/artibilgisayar.net\/dngtest\/wp-json\/wp\/v2\/pages\/156\/revisions"}],"predecessor-version":[{"id":2884,"href":"https:\/\/artibilgisayar.net\/dngtest\/wp-json\/wp\/v2\/pages\/156\/revisions\/2884"}],"wp:attachment":[{"href":"https:\/\/artibilgisayar.net\/dngtest\/wp-json\/wp\/v2\/media?parent=156"}],"curies":[{"name":"wp","href":"https:\/\/api.w.org\/{rel}","templated":true}]}}