{"id":102,"date":"2019-04-01T08:50:33","date_gmt":"2019-04-01T08:50:33","guid":{"rendered":"http:\/\/avantage.bold-themes.com\/marketing\/?page_id=102"},"modified":"2026-03-17T18:31:40","modified_gmt":"2026-03-17T15:31:40","slug":"cevresel-gurultu-olcumleri","status":"publish","type":"page","link":"https:\/\/artibilgisayar.net\/dngtest\/cevresel-gurultu-olcumleri\/","title":{"rendered":"\u00c7evresel G\u00fcr\u00fclt\u00fc \u00d6l\u00e7\u00fcmleri"},"content":{"rendered":"<p><section data-bb-version=\"5.5.7\" id=\"bt_bb_section6a01cb04db653\" class=\"bt_bb_section bt_bb_layout_boxed_1200 bt_bb_vertical_align_top bt_bb_top_spacing_large bt_bb_bottom_spacing_small\"  data-bt-override-class=\"{&quot;bt_bb_top_spacing_&quot;:{&quot;current_class&quot;:&quot;bt_bb_top_spacing_large&quot;,&quot;def&quot;:&quot;large&quot;},&quot;bt_bb_bottom_spacing_&quot;:{&quot;current_class&quot;:&quot;bt_bb_bottom_spacing_small&quot;,&quot;def&quot;:&quot;small&quot;},&quot;bt_bb_animation_&quot;:{&quot;current_class&quot;:&quot;bt_bb_animation_no_animation&quot;,&quot;def&quot;:&quot;no_animation&quot;}}\"><div class=\"bt_bb_port\"><div class=\"bt_bb_cell\"><div class=\"bt_bb_cell_inner\"><div class=\"bt_bb_row  bt_bb_column_gap_40\" style=\"; --column-gap:40px;\" data-bt-override-class=\"{}\"><div class=\"bt_bb_row_holder\" ><div  class=\"bt_bb_column col-xxl-6 col-xl-6 bt_bb_vertical_align_top bt_bb_align_left bt_bb_padding_normal\" style=\"; --column-width:6;\" data-width=\"6\" data-bt-override-class=\"{}\"><div class=\"bt_bb_column_content\"><div class=\"bt_bb_column_content_inner\"><div data-bb-version=\"5.5.7\" class=\"bt_bb_separator bt_bb_border_style_none bt_bb_top_spacing_normal bt_bb_bottom_spacing_medium\" data-bt-override-class=\"{&quot;bt_bb_top_spacing_&quot;:{&quot;current_class&quot;:&quot;bt_bb_top_spacing_normal&quot;,&quot;def&quot;:&quot;normal&quot;},&quot;bt_bb_bottom_spacing_&quot;:{&quot;current_class&quot;:&quot;bt_bb_bottom_spacing_medium&quot;,&quot;def&quot;:&quot;medium&quot;}}\"><\/div><header data-bb-version=\"5.6.9\" class=\"bt_bb_headline bt_bb_dash_top bt_bb_superheadline bt_bb_subheadline bt_bb_size_large bt_bb_align_inherit\" data-bt-override-class=\"{&quot;bt_bb_size_&quot;:{&quot;current_class&quot;:&quot;bt_bb_size_large&quot;,&quot;def&quot;:&quot;large&quot;},&quot;bt_bb_align_&quot;:{&quot;current_class&quot;:&quot;bt_bb_align_inherit&quot;,&quot;def&quot;:&quot;inherit&quot;},&quot;bt_bb_animation_&quot;:{&quot;current_class&quot;:&quot;bt_bb_animation_no_animation&quot;,&quot;def&quot;:&quot;no_animation&quot;}}\"><h3 class=\"bt_bb_headline_tag\"><span class=\"bt_bb_headline_superheadline\">H\u0130ZMETLER\u0130M\u0130Z<\/span><span class=\"bt_bb_headline_content\"><span><b>\u00c7EVRESEL G\u00dcR\u00dcLT\u00dc <\/b><u>\u00d6L\u00c7\u00dcMLER\u0130<\/u><\/span><\/span><\/h3><div class=\"bt_bb_headline_subheadline\">G\u00fcr\u00fclt\u00fc \u00f6l\u00e7\u00fcmleri;<br \/><br \/>\nEnd\u00fcstriyel faaliyetler, ula\u015f\u0131m ara\u00e7lar\u0131, e\u011flence ve rekreasyon, in\u015faat ve i\u015fyerlerinden kaynaklanan istenmeyen seslerin de\u011ferlendirilmesi i\u00e7in ger\u00e7ekle\u015ftirilmektedir.<br \/><br \/>\nAkustik g\u00fcr\u00fclt\u00fc ve \u00e7evresel g\u00fcr\u00fclt\u00fc \u00f6l\u00e7\u00fcm hizmeti verecek laboratuvarlar T\u00dcRKAK\u2019 tan Akredite, \u00c7evre ve \u015eehircilik Bakanl\u0131\u011f\u0131\u2019ndan yetkili olmal\u0131 ve g\u00fcr\u00fclt\u00fc konusunda uygun e\u011fitimleri ba\u015far\u0131yla tamamlam\u0131\u015f personelleri istihdam etmesi zorunludur.<\/p><br \/>\n<p>DNG TEST \u00c7evre Laboratuvar\u0131 olarak bu kapsamdaki ihtiya\u00e7lar\u0131n\u0131z\u0131 sahip oldu\u011fumuz \u00e7ok say\u0131daki sertifikal\u0131 personel ve cihaz altyap\u0131m\u0131z ile en h\u0131zl\u0131 ve en do\u011fru \u015fekilde \u00e7\u00f6zmeyi ama\u00e7l\u0131yoruz. Her ge\u00e7en g\u00fcn artan say\u0131s\u0131z referanslar\u0131m\u0131zla G\u00dcR\u00dcLT\u00dc \u00d6L\u00c7\u00dcMLER\u0130 konusunda iddial\u0131y\u0131z.<\/div><\/header><div class=\"bt_bb_separator bt_bb_border_style_none bt_bb_top_spacing_normal\" data-bt-override-class=\"null\"><\/div><div data-bb-version=\"5.6.9\" class=\"bt_bb_image bt_bb_shape_square bt_bb_target_self bt_bb_align_inherit bt_bb_hover_style_simple bt_bb_content_display_always bt_bb_content_align_middle\" data-bt-override-class=\"{}\"><span><img loading=\"lazy\" decoding=\"async\" width=\"640\" height=\"640\" src=\"https:\/\/artibilgisayar.net\/dngtest\/wp-content\/uploads\/2026\/03\/b-31122c9a-640x640.jpeg\" class=\"attachment-boldthemes_medium_square size-boldthemes_medium_square\" alt=\"https:\/\/artibilgisayar.net\/dngtest\/wp-content\/uploads\/2026\/03\/b-31122c9a-640x640.jpeg\" data-full_image_src=\"https:\/\/artibilgisayar.net\/dngtest\/wp-content\/uploads\/2026\/03\/b-31122c9a.jpeg\" title=\"b-31122c9a\" srcset=\"https:\/\/artibilgisayar.net\/dngtest\/wp-content\/uploads\/2026\/03\/b-31122c9a-640x640.jpeg 640w, https:\/\/artibilgisayar.net\/dngtest\/wp-content\/uploads\/2026\/03\/b-31122c9a-160x160.jpeg 160w, https:\/\/artibilgisayar.net\/dngtest\/wp-content\/uploads\/2026\/03\/b-31122c9a-320x320.jpeg 320w\" sizes=\"auto, (max-width: 640px) 100vw, 640px\" \/><\/span><\/div><\/div><\/div><\/div><div  class=\"bt_bb_column col-xxl-6 col-xl-6 bt_bb_vertical_align_top bt_bb_align_left bt_bb_padding_normal\" style=\"; --column-width:6;\" data-width=\"6\" data-bt-override-class=\"{}\"><div class=\"bt_bb_column_content\"><div class=\"bt_bb_column_content_inner\"><div data-bb-version=\"5.5.7\" class=\"bt_bb_separator bt_bb_border_style_none bt_bb_top_spacing_normal bt_bb_bottom_spacing_medium\" data-bt-override-class=\"{&quot;bt_bb_top_spacing_&quot;:{&quot;current_class&quot;:&quot;bt_bb_top_spacing_normal&quot;,&quot;def&quot;:&quot;normal&quot;},&quot;bt_bb_bottom_spacing_&quot;:{&quot;current_class&quot;:&quot;bt_bb_bottom_spacing_medium&quot;,&quot;def&quot;:&quot;medium&quot;}}\"><\/div><div data-bb-version=\"5.6.9\" class=\"bt_bb_image bt_bb_shape_square bt_bb_target_self bt_bb_align_inherit bt_bb_hover_style_simple bt_bb_content_display_always bt_bb_content_align_middle\" data-bt-override-class=\"{}\"><span><img loading=\"lazy\" decoding=\"async\" width=\"640\" height=\"640\" src=\"https:\/\/artibilgisayar.net\/dngtest\/wp-content\/uploads\/2026\/03\/b-31122c9a-640x640.jpeg\" class=\"attachment-boldthemes_medium_square size-boldthemes_medium_square\" alt=\"https:\/\/artibilgisayar.net\/dngtest\/wp-content\/uploads\/2026\/03\/b-31122c9a-640x640.jpeg\" data-full_image_src=\"https:\/\/artibilgisayar.net\/dngtest\/wp-content\/uploads\/2026\/03\/b-31122c9a.jpeg\" title=\"b-31122c9a\" srcset=\"https:\/\/artibilgisayar.net\/dngtest\/wp-content\/uploads\/2026\/03\/b-31122c9a-640x640.jpeg 640w, https:\/\/artibilgisayar.net\/dngtest\/wp-content\/uploads\/2026\/03\/b-31122c9a-160x160.jpeg 160w, https:\/\/artibilgisayar.net\/dngtest\/wp-content\/uploads\/2026\/03\/b-31122c9a-320x320.jpeg 320w\" sizes=\"auto, (max-width: 640px) 100vw, 640px\" \/><\/span><\/div><div data-bb-version=\"5.6.9\" class=\"bt_bb_separator bt_bb_border_style_none bt_bb_top_spacing_normal bt_bb_bottom_spacing_normal\" data-bt-override-class=\"{&quot;bt_bb_bottom_spacing_&quot;:{&quot;current_class&quot;:&quot;bt_bb_bottom_spacing_normal&quot;,&quot;def&quot;:&quot;normal&quot;}}\"><\/div><div  class=\"bt_bb_text\" ><\/p>\n<h5><strong>\u00c7EVRESEL G\u00dcR\u00dcLT\u00dc \u00d6L\u00c7\u00dcMLER\u0130 ve RAPORLAMALARI | T\u00dcRKAK 17025 AKRED\u0130TASYONLU<\/strong><\/h5>\n<ul>\n<li>\u00c7evresel G\u00fcr\u00fclt\u00fc \u00d6l\u00e7\u00fcm\u00fc<\/li>\n<li>\u00c7evre \u0130zni Kapsam\u0131nda G\u00fcr\u00fclt\u00fc \u00d6l\u00e7\u00fcm\u00fc<\/li>\n<li>Tesis \u0130\u00e7i G\u00fcr\u00fclt\u00fc \u00d6l\u00e7\u00fcm\u00fc ve Haritalanmas\u0131<\/li>\n<li>Arka Plan G\u00fcr\u00fclt\u00fc \u00d6l\u00e7\u00fcm\u00fc<\/li>\n<li>\u015eehir G\u00fcr\u00fclt\u00fc Kirlili\u011fi \u00d6l\u00e7\u00fcm\u00fc ve Haritalanmas\u0131<\/li>\n<li>Deniz Ara\u00e7lar\u0131ndan, Trafik-\u0130\u015f Makinelerinden Kaynaklanan G\u00fcr\u00fclt\u00fc \u00d6l\u00e7\u00fcm\u00fc ve Haritalanmas\u0131<\/li>\n<li>E\u011flence Yeri (Cafe, Bar, Gazino vb.)G\u00fcr\u00fclt\u00fcs\u00fc \u00d6l\u00e7\u00fcm\u00fc<\/li>\n<li>Canl\u0131 M\u00fczik (D\u00fc\u011f\u00fcn Salonu, T\u00fcrk\u00fc Bar, Konser vb.) Ses \u00d6l\u00e7\u00fcm\u00fc<\/li>\n<li>G\u00fcr\u00fclt\u00fc \u00d6l\u00e7\u00fct\u00fc E\u011frileri (NC E\u011frileri) \u00d6l\u00e7\u00fcm\u00fc ve De\u011ferlendirmesi.<\/li>\n<\/ul>\n<p>\n<\/div><\/div><\/div><\/div><\/div><\/div><\/div><!-- cell_inner --><\/div><!-- cell --><\/div><!-- port --><\/section><section data-bb-version=\"5.5.7\" id=\"bt_bb_section6a01cb04dc95f\" class=\"bt_bb_section bt_bb_layout_boxed_1200\"  data-bt-override-class=\"null\"><div class=\"bt_bb_port\"><div class=\"bt_bb_cell\"><div class=\"bt_bb_cell_inner\"><div class=\"bt_bb_row \"  data-bt-override-class=\"{}\"><div class=\"bt_bb_row_holder\" ><div data-bb-version=\"5.5.7\"  class=\"bt_bb_column col-xxl-12 col-xl-12 col-xs-12 col-sm-12 col-md-12 col-lg-12 bt_bb_vertical_align_top bt_bb_align_left bt_bb_padding_normal\" style=\"; --column-width:12;\" data-width=\"12\" data-bt-override-class=\"{}\"><div class=\"bt_bb_column_content\"><div class=\"bt_bb_column_content_inner\"><div  class=\"bt_bb_text\" ><\/p>\n<h5><strong>M\u00dcZ\u0130K YAYINI YAPAN \u0130\u015eYERLER\u0130 ve DEN\u0130Z ARA\u00c7LARI \u0130\u00c7\u0130N \u00c7EVRESEL G\u00dcR\u00dcLT\u00dc KR\u0130TERLER\u0130<\/strong><\/h5>\n<ol>\n<li>Yerle\u015fim alanlar\u0131nda \u00e7evresel g\u00fcr\u00fclt\u00fcye neden olan m\u00fczik yay\u0131n\u0131 yapan i\u015fyerleri ve deniz ara\u00e7lar\u0131 Ek-2\u2019de yer alan h\u00fck\u00fcmleri sa\u011flar.<\/li>\n<li>\u0130l M\u00fcd\u00fcrl\u00fc\u011f\u00fc taraf\u0131ndan m\u00fczik yay\u0131n\u0131 yapan i\u015fyerlerine ve deniz ara\u00e7lar\u0131na akustik rapor haz\u0131rlatt\u0131r\u0131l\u0131r, de\u011ferlendirilir, m\u00fczik yay\u0131n izni verilir.<\/li>\n<li>M\u00fczik yay\u0131n izin belgesine ili\u015fkin usul ve esaslar Bakanl\u0131k\u00e7a belirlenir.<\/li>\n<li>M\u00fczik yay\u0131n\u0131 yapan deniz ara\u00e7lar\u0131n\u0131n, m\u00fczik yay\u0131n\u0131 yapabilece\u011fi sahalar\u0131n s\u0131n\u0131r koordinatlar\u0131 \u0130l Mahalli \u00c7evre Kurulu Karar\u0131 ile belirlenir.<\/li>\n<li>M\u00fczik yay\u0131n\u0131 yapan deniz ara\u00e7lar\u0131n\u0131n belirlenen koordinatlar d\u0131\u015f\u0131nda faaliyet g\u00f6stermesi durumunda idari yapt\u0131r\u0131m uygulan\u0131r.<\/li>\n<li>M\u00fczik yay\u0131n\u0131 yapan deniz ara\u00e7lar\u0131ndan yay\u0131lan \u00e7evresel g\u00fcr\u00fclt\u00fc d\u00fczeyi, \u0130l M\u00fcd\u00fcrl\u00fc\u011f\u00fc taraf\u0131ndan k\u0131y\u0131da belirlenen noktalarda, s\u00fcrekli izleme sistemi ile \u00f6l\u00e7\u00fcl\u00fcr.<\/li>\n<li>\u0130l M\u00fcd\u00fcrl\u00fc\u011f\u00fc taraf\u0131ndan m\u00fczik yay\u0131n\u0131 yapan i\u015fyerlerinin bulundu\u011fu alanlarda Ek-2\u2019deki Tablo 1\u2019de yer alan s\u0131n\u0131r de\u011ferlerin sa\u011fland\u0131\u011f\u0131n\u0131 tespit etmek \u00fczere,<\/li>\n<li>ilgili idarenin elektronik olarak bilgilendirilece\u011fi \u00e7evresel g\u00fcr\u00fclt\u00fc s\u00fcrekli izleme sistemi kurdurulur.<\/li>\n<li>\u0130lgili idare ses bas\u0131nc\u0131 d\u00fczeyini kontrol alt\u0131nda tutmak amac\u0131yla akustik planlama yapt\u0131rabilir ve ses g\u00fcc\u00fc s\u0131n\u0131rlay\u0131c\u0131 sistemler kurdurabilir.<\/li>\n<li>Birden fazla m\u00fczik yay\u0131n\u0131 yapan i\u015fyerinin veya m\u00fczik yay\u0131n\u0131 yapan deniz arac\u0131n\u0131n bir arada ve ayn\u0131 anda faaliyet g\u00f6sterdi\u011fi alanlarda, ilave g\u00fcr\u00fclt\u00fc kontrol tedbirleri belirlenebilir.<\/li>\n<li>Kurulmas\u0131 planlanan m\u00fczik yay\u0131n\u0131 yapan i\u015fyerlerinin ilgili mevzuatta belirtilen yer se\u00e7imi ve planlamas\u0131nda, stratejik g\u00fcr\u00fclt\u00fc haritalar\u0131 ve stratejik g\u00fcr\u00fclt\u00fc eylem planlar\u0131 dikkate al\u0131n\u0131r.<\/li>\n<li>Ayn\u0131 takvim y\u0131l\u0131 i\u00e7inde \u00fc\u00e7 defa bu Y\u00f6netmelik h\u00fck\u00fcmlerinin ihlalinin tespiti halinde \u0130l M\u00fcd\u00fcrl\u00fc\u011f\u00fc taraf\u0131ndan m\u00fczik yay\u0131n izni iptal edilir.<br \/>M\u00fczik yay\u0131n izni iptal edilen i\u015fyeri iki takvim y\u0131l\u0131ndan sonra m\u00fczik yay\u0131n izni i\u00e7in tekrar ba\u015fvurabilir.<\/li>\n<\/ol>\n<p>\n<\/div><\/div><\/div><\/div><\/div><\/div><\/div><!-- cell_inner --><\/div><!-- cell --><\/div><!-- port --><\/section><\/p>\n","protected":false},"excerpt":{"rendered":"<p>Objectively integrate enterprise-wide strategic theme areas with functionalized infrastructures. Interactively productize premium technologies whereas interdependent quality vectors. Rapaciously utilize enterprise experiences via 24\/7 markets.<\/p>\n","protected":false},"author":2,"featured_media":1526,"parent":0,"menu_order":0,"comment_status":"closed","ping_status":"closed","template":"","meta":{"footnotes":""},"class_list":["post-102","page","type-page","status-publish","has-post-thumbnail","hentry"],"_links":{"self":[{"href":"https:\/\/artibilgisayar.net\/dngtest\/wp-json\/wp\/v2\/pages\/102","targetHints":{"allow":["GET"]}}],"collection":[{"href":"https:\/\/artibilgisayar.net\/dngtest\/wp-json\/wp\/v2\/pages"}],"about":[{"href":"https:\/\/artibilgisayar.net\/dngtest\/wp-json\/wp\/v2\/types\/page"}],"author":[{"embeddable":true,"href":"https:\/\/artibilgisayar.net\/dngtest\/wp-json\/wp\/v2\/users\/2"}],"replies":[{"embeddable":true,"href":"https:\/\/artibilgisayar.net\/dngtest\/wp-json\/wp\/v2\/comments?post=102"}],"version-history":[{"count":28,"href":"https:\/\/artibilgisayar.net\/dngtest\/wp-json\/wp\/v2\/pages\/102\/revisions"}],"predecessor-version":[{"id":2886,"href":"https:\/\/artibilgisayar.net\/dngtest\/wp-json\/wp\/v2\/pages\/102\/revisions\/2886"}],"wp:featuredmedia":[{"embeddable":true,"href":"https:\/\/artibilgisayar.net\/dngtest\/wp-json\/wp\/v2\/media\/1526"}],"wp:attachment":[{"href":"https:\/\/artibilgisayar.net\/dngtest\/wp-json\/wp\/v2\/media?parent=102"}],"curies":[{"name":"wp","href":"https:\/\/api.w.org\/{rel}","templated":true}]}}